{"id":111,"date":"2020-04-30T19:58:37","date_gmt":"2020-04-30T19:58:37","guid":{"rendered":"https:\/\/miners.rocks\/warenkorb\/"},"modified":"2024-02-08T10:16:53","modified_gmt":"2024-02-08T10:16:53","slug":"panier-dachat","status":"publish","type":"page","link":"https:\/\/westgem.shop\/fr\/panier-dachat\/","title":{"rendered":"Panier d'achat"},"content":{"rendered":"<section class=\"bde-section-111-100 bde-section\">\n  \n  \n\t\n\n\n\n<div class=\"section-container\"><div class=\"bde-cart-111-101 bde-cart breakdance-woocommerce\">\n    <div class=\"breakdance-empty-ssr-message breakdance-empty-ssr-message-error\">\n        <div>\n            Le site <b>\"Cart Page\"<\/b> ne peut \u00eatre ajout\u00e9 qu'\u00e0 l'\u00e9l\u00e9ment <b>Page de panier WooCommerce<\/b>.<br \/><br \/>\n            Le site <b>Page de panier WooCommerce<\/b> est actuellement fix\u00e9 \u00e0 <b>\"Panier\" (ID : 111)<\/b>.<br \/><br \/>\n            D\u00e9finir le <b>Page de panier WooCommerce<\/b> dans le WP admin \u00e0 <b>WooCommerce &gt; Settings &gt; Advanced &gt; Page Setup<\/b>.\n    <\/div>\n\n<\/div><\/div>\n<\/section>","protected":false},"excerpt":{"rendered":"<p>L'\u00e9l\u00e9ment \"Page du panier\" ne peut \u00eatre ajout\u00e9 qu'\u00e0 la page du panier WooCommerce. La page de panier WooCommerce est actuellement d\u00e9finie sur \"Panier\" (ID : 111). D\u00e9finissez la page de panier WooCommerce dans l'admin WP \u00e0 WooCommerce &gt; Settings &gt; Advanced &gt; Page Setup.<\/p>","protected":false},"author":1,"featured_media":0,"parent":0,"menu_order":0,"comment_status":"closed","ping_status":"closed","template":"","meta":{"_acf_changed":false,"_breakdance_hide_in_design_set":false,"_breakdance_tags":"","footnotes":""},"class_list":["post-111","page","type-page","status-publish","hentry"],"acf":[],"_links":{"self":[{"href":"https:\/\/westgem.shop\/fr\/wp-json\/wp\/v2\/pages\/111","targetHints":{"allow":["GET"]}}],"collection":[{"href":"https:\/\/westgem.shop\/fr\/wp-json\/wp\/v2\/pages"}],"about":[{"href":"https:\/\/westgem.shop\/fr\/wp-json\/wp\/v2\/types\/page"}],"author":[{"embeddable":true,"href":"https:\/\/westgem.shop\/fr\/wp-json\/wp\/v2\/users\/1"}],"replies":[{"embeddable":true,"href":"https:\/\/westgem.shop\/fr\/wp-json\/wp\/v2\/comments?post=111"}],"version-history":[{"count":0,"href":"https:\/\/westgem.shop\/fr\/wp-json\/wp\/v2\/pages\/111\/revisions"}],"wp:attachment":[{"href":"https:\/\/westgem.shop\/fr\/wp-json\/wp\/v2\/media?parent=111"}],"curies":[{"name":"wp","href":"https:\/\/api.w.org\/{rel}","templated":true}]}}