{"id":11239,"date":"2021-06-13T18:27:12","date_gmt":"2021-06-13T18:27:12","guid":{"rendered":"https:\/\/westgem.shop\/?page_id=11239"},"modified":"2024-02-15T14:56:12","modified_gmt":"2024-02-15T14:56:12","slug":"mentions-legales","status":"publish","type":"page","link":"https:\/\/westgem.shop\/fr\/mentions-legales\/","title":{"rendered":"Mentions l\u00e9gales"},"content":{"rendered":"<section class=\"bde-section-11239-100 bde-section\">\n  \n  \n\t\n\n\n\n<div class=\"section-container\"><div class=\"bde-columns-11239-103 bde-columns\"><div class=\"bde-column-11239-104 bde-column\">\n  \n  \n\t\n\n\n\n<div class=\"bde-image-11239-106 bde-image\">\n<figure class=\"breakdance-image breakdance-image--19703\">\n\t<div class=\"breakdance-image-container\">\n\t\t<div class=\"breakdance-image-clip\"><img loading=\"lazy\" decoding=\"async\" class=\"breakdance-image-object\" src=\"https:\/\/westgem.shop\/wp-content\/uploads\/2024\/02\/bg_miner_crystal.webp\" width=\"813\" height=\"895\" srcset=\"https:\/\/i0.wp.com\/westgem.shop\/wp-content\/uploads\/2024\/02\/bg_miner_crystal.webp?w=813&ssl=1 813w, https:\/\/i0.wp.com\/westgem.shop\/wp-content\/uploads\/2024\/02\/bg_miner_crystal.webp?resize=454%2C500&ssl=1 454w, https:\/\/i0.wp.com\/westgem.shop\/wp-content\/uploads\/2024\/02\/bg_miner_crystal.webp?resize=768%2C845&ssl=1 768w, https:\/\/i0.wp.com\/westgem.shop\/wp-content\/uploads\/2024\/02\/bg_miner_crystal.webp?resize=11%2C12&ssl=1 11w, https:\/\/i0.wp.com\/westgem.shop\/wp-content\/uploads\/2024\/02\/bg_miner_crystal.webp?resize=600%2C661&ssl=1 600w\" sizes=\"auto, (max-width: 813px) 100vw, 813px\"><\/div>\n\t<\/div><\/figure>\n\n<\/div>\n<\/div><div class=\"bde-column-11239-105 bde-column\">\n  \n  \n\t\n\n\n\n<h1 class=\"bde-heading-11239-101 bde-heading\">\nMentions l\u00e9gales\n<\/h1><div class=\"bde-rich-text-11239-102 bde-rich-text breakdance-rich-text-styles\">\n<h4>Op\u00e9rateur &amp; propri\u00e9taire l\u00e9gal<\/h4>\n<p><strong>SAND GREEN O\u00dc<\/strong><br \/>Narva maantee 5<br \/>10117 Tallinn<br \/>Estonie<br \/>Union europ\u00e9enne<\/p>\n<p>Num\u00e9ro d'identification fiscale : EE102353341<br \/>Num\u00e9ro du registre du commerce : 16188626<br \/>Membre de la Chambre de commerce estonienne.<\/p>\n<h3>Sites<\/h3>\n<h2 style=\"font-family: Montserrat, sans-serif; font-weight: 300; line-height: 1.4em; color: rgba(255, 255, 255, 0.46); font-size: 15px;\">\u00c9diteur et exploitant<br \/>Livraison Europe, International<\/h2>\n<h2 style=\"font-family: Montserrat, sans-serif; font-weight: 300; line-height: 1.8em; color: #ffffff; font-size: 15px; text-transform: capitalize;\">Sand Green O\u00dc<br \/>Narva Maantee 5<br \/>10117 Tallinn, Estonie<\/h2>\n<p>\u00a0<\/p>\n<h2 style=\"font-family: Montserrat, sans-serif; font-weight: 300; color: rgba(255, 255, 255, 0.46); font-size: 15px; text-transform: capitalize;\">Livraison Europe centrale (DACH)<\/h2>\n<h2 style=\"font-family: Montserrat, sans-serif; font-weight: 300; line-height: 1.8em; color: #ffffff; font-size: 15px;\">WESTGEM Autriche<br \/>26, rue de la Digue<br \/>9020 Klagenfurt, Autriche<\/h2>\n<\/div>\n<\/div><\/div><\/div>\n<\/section>","protected":false},"excerpt":{"rendered":"<p>Mentions l\u00e9gales Exploitant &amp; propri\u00e9taire l\u00e9gal SAND GREEN O\u00dcNarva maantee 510117 TallinnEstonieUnion europ\u00e9enne N\u00b0 UID : EE102353341Num\u00e9ro d'enregistrement de la soci\u00e9t\u00e9 : 16188626Membre de la Chambre de commerce estonienne. Sites \u00c9diteurs et op\u00e9rateursLivraison Europe, International Sand Green O\u00dcNarva Maantee 510117 Tallinn, Estonie Livraison Europe centrale (DACH) WESTGEM AutricheDammgasse 269020 Klagenfurt, Autriche<\/p>","protected":false},"author":1,"featured_media":0,"parent":0,"menu_order":0,"comment_status":"closed","ping_status":"closed","template":"","meta":{"_acf_changed":false,"_breakdance_hide_in_design_set":false,"_breakdance_tags":"","footnotes":""},"class_list":["post-11239","page","type-page","status-publish","hentry"],"acf":[],"_links":{"self":[{"href":"https:\/\/westgem.shop\/fr\/wp-json\/wp\/v2\/pages\/11239","targetHints":{"allow":["GET"]}}],"collection":[{"href":"https:\/\/westgem.shop\/fr\/wp-json\/wp\/v2\/pages"}],"about":[{"href":"https:\/\/westgem.shop\/fr\/wp-json\/wp\/v2\/types\/page"}],"author":[{"embeddable":true,"href":"https:\/\/westgem.shop\/fr\/wp-json\/wp\/v2\/users\/1"}],"replies":[{"embeddable":true,"href":"https:\/\/westgem.shop\/fr\/wp-json\/wp\/v2\/comments?post=11239"}],"version-history":[{"count":0,"href":"https:\/\/westgem.shop\/fr\/wp-json\/wp\/v2\/pages\/11239\/revisions"}],"wp:attachment":[{"href":"https:\/\/westgem.shop\/fr\/wp-json\/wp\/v2\/media?parent=11239"}],"curies":[{"name":"wp","href":"https:\/\/api.w.org\/{rel}","templated":true}]}}