{"id":113,"date":"2020-04-30T19:58:37","date_gmt":"2020-04-30T19:58:37","guid":{"rendered":"https:\/\/miners.rocks\/mein-konto\/"},"modified":"2024-11-12T17:28:37","modified_gmt":"2024-11-12T17:28:37","slug":"mon-compte","status":"publish","type":"page","link":"https:\/\/westgem.shop\/fr\/mon-compte\/","title":{"rendered":"Votre compte WESTGEM"},"content":{"rendered":"<section class=\"bde-section-113-100 bde-section\">\n  \n  \n\t\n\n\n\n<div class=\"section-container\"><div class=\"bde-woopageaccount-113-101 bde-woopageaccount breakdance-woocommerce\">\n    <div class=\"breakdance-empty-ssr-message breakdance-empty-ssr-message-error\">\n        <div>\n            Le site <b>\"Account Page\"<\/b> ne peut \u00eatre ajout\u00e9 qu'\u00e0 l'\u00e9l\u00e9ment <b>Page de compte WooCommerce<\/b>.<br \/><br \/>\n            Le site <b>Page de compte WooCommerce<\/b> est actuellement fix\u00e9 \u00e0 <b>\"Votre compte WESTGEM\" (ID : 113)<\/b>.<br \/><br \/>\n            D\u00e9finir le <b>Page de compte WooCommerce<\/b> dans le WP admin \u00e0 <b>WooCommerce &gt; Settings &gt; Advanced &gt; Page Setup<\/b>.\n    <\/div>\n<\/div><\/div>\n<\/section>","protected":false},"excerpt":{"rendered":"<p>L'\u00e9l\u00e9ment \"Page de compte\" ne peut \u00eatre ajout\u00e9 qu'\u00e0 la page de compte WooCommerce. La page de compte WooCommerce est actuellement param\u00e9tr\u00e9e sur \"Votre compte WESTGEM\" (ID : 113). Configurez la page de compte WooCommerce dans l'admin WP \u00e0 WooCommerce &gt; Param\u00e8tres &gt; Avanc\u00e9 &gt; Configuration de la page.<\/p>","protected":false},"author":1,"featured_media":0,"parent":0,"menu_order":0,"comment_status":"closed","ping_status":"closed","template":"","meta":{"_acf_changed":false,"_breakdance_hide_in_design_set":false,"_breakdance_tags":"","footnotes":""},"class_list":["post-113","page","type-page","status-publish","hentry"],"acf":[],"_links":{"self":[{"href":"https:\/\/westgem.shop\/fr\/wp-json\/wp\/v2\/pages\/113","targetHints":{"allow":["GET"]}}],"collection":[{"href":"https:\/\/westgem.shop\/fr\/wp-json\/wp\/v2\/pages"}],"about":[{"href":"https:\/\/westgem.shop\/fr\/wp-json\/wp\/v2\/types\/page"}],"author":[{"embeddable":true,"href":"https:\/\/westgem.shop\/fr\/wp-json\/wp\/v2\/users\/1"}],"replies":[{"embeddable":true,"href":"https:\/\/westgem.shop\/fr\/wp-json\/wp\/v2\/comments?post=113"}],"version-history":[{"count":0,"href":"https:\/\/westgem.shop\/fr\/wp-json\/wp\/v2\/pages\/113\/revisions"}],"wp:attachment":[{"href":"https:\/\/westgem.shop\/fr\/wp-json\/wp\/v2\/media?parent=113"}],"curies":[{"name":"wp","href":"https:\/\/api.w.org\/{rel}","templated":true}]}}