{"id":12,"date":"2019-03-02T11:29:16","date_gmt":"2019-03-02T11:29:16","guid":{"rendered":"http:\/\/brewery.oxy.host\/?page_id=117"},"modified":"2022-09-12T13:24:41","modified_gmt":"2022-09-12T13:24:41","slug":"contact","status":"publish","type":"page","link":"https:\/\/westgem.shop\/fr\/contact\/","title":{"rendered":"Contact"},"content":{"rendered":"<h2>Contactez-nous !<\/h2>\n<ul>\n<li><strong>Questions sur les produits<\/strong><\/li>\n<li><strong>Vous cherchez un min\u00e9ral ou une pierre sp\u00e9cifique<\/strong><\/li>\n<li><strong>Vente de collections\u00a0<\/strong><\/li>\n<li><strong>Demander un grossiste<\/strong><\/li>\n<li><strong>Questions g\u00e9n\u00e9rales<\/strong><\/li>\n<\/ul>\n<h3>Europe \/ International<\/h3>\n<p>anglais,estonien<\/p>\n<p>Email : <a href=\"mailto:help@westgem.com\">help@westgem.com<\/a><\/p>\n<p>T\u00e9l\u00e9phone : +1 (234) 255 9942<\/p>\n<h3>DACH (Allemagne, Suisse, Autriche)<\/h3>\n<p>Allemand<\/p>\n<p>Email : <a href=\"mailto:hilfe@westgem.com\">hilfe@westgem.com<\/a><\/p>\n<p>T\u00e9l\u00e9phone : +43 664 88 59 41 44<\/p>\n<h2>WESTGEM MInerals<br \/>\nLes meilleurs min\u00e9raux du c\u0153ur de l'Europe depuis 1999.<\/h2>\n<h2>\u00c9diteur et exploitant<br \/>\nLivraison Europe, International<\/h2>\n<h2>Sand Green O\u00dc<br \/>\nNarva maantee 5<br \/>\n10117 Tallinn, Estonie<br \/><\/h2>\n<h2>Livraison Europe centrale (DACH)<\/h2>\n<h2>WESTGEM Autriche<br \/>9020 Klagenfurt sur le lac de W\u00f6rthersee<br \/>Autriche<\/h2>","protected":false},"excerpt":{"rendered":"<p>N'h\u00e9sitez pas \u00e0 nous contacter ! Questions sur les produits Vous cherchez un min\u00e9ral ou une pierre sp\u00e9ciale Vente de collections Demander un grossiste Questions g\u00e9n\u00e9rales Europe \/ International Anglais,Estonien Email : help@westgem.com T\u00e9l\u00e9phone : +1 (234) 255 9942 DACH (Allemagne, Suisse, Autriche) Allemand Email : hilfe@westgem.com T\u00e9l\u00e9phone : +43 664 88 59 41 44 WESTGEM MInerals Les meilleurs min\u00e9raux du c\u0153ur de [...]<\/p>","protected":false},"author":1,"featured_media":0,"parent":0,"menu_order":0,"comment_status":"closed","ping_status":"closed","template":"","meta":{"_acf_changed":false,"_breakdance_hide_in_design_set":false,"_breakdance_tags":"","footnotes":""},"class_list":["post-12","page","type-page","status-publish","hentry"],"acf":[],"_links":{"self":[{"href":"https:\/\/westgem.shop\/fr\/wp-json\/wp\/v2\/pages\/12","targetHints":{"allow":["GET"]}}],"collection":[{"href":"https:\/\/westgem.shop\/fr\/wp-json\/wp\/v2\/pages"}],"about":[{"href":"https:\/\/westgem.shop\/fr\/wp-json\/wp\/v2\/types\/page"}],"author":[{"embeddable":true,"href":"https:\/\/westgem.shop\/fr\/wp-json\/wp\/v2\/users\/1"}],"replies":[{"embeddable":true,"href":"https:\/\/westgem.shop\/fr\/wp-json\/wp\/v2\/comments?post=12"}],"version-history":[{"count":0,"href":"https:\/\/westgem.shop\/fr\/wp-json\/wp\/v2\/pages\/12\/revisions"}],"wp:attachment":[{"href":"https:\/\/westgem.shop\/fr\/wp-json\/wp\/v2\/media?parent=12"}],"curies":[{"name":"wp","href":"https:\/\/api.w.org\/{rel}","templated":true}]}}