{"id":1001,"date":"2000-06-27T00:00:00","date_gmt":"2000-06-27T00:00:00","guid":{"rendered":"https:\/\/miners.rocks\/product\/236\/"},"modified":"2020-05-19T16:56:34","modified_gmt":"2020-05-19T16:56:34","slug":"grenat-dalmandin-xx-zillertal","status":"publish","type":"product","link":"https:\/\/westgem.shop\/fr\/produit\/grenat-dalmandin-xx-zillertal\/","title":{"rendered":"ALMANDIN GRANAT xx - VALL\u00c9E DE LA CILL\u00c8RE"},"content":{"rendered":"<p>Belle ETUDE DE GRANAT - ALMANDIN xx - cristaux form\u00e9s de premi\u00e8re qualit\u00e9 avec des faces terminales parfaites, sur GRAIN DE GLIME.<\/p>\n<p>On le trouve dans la r\u00e9gion du Hornkees, dans les Alpes du Zillertal.<\/p>\n<p>Poids : 560 g Dimensions:Niveau 13 x 8 x 6 cm ALMANDINE jusqu'\u00e0 2 cm<\/p>","protected":false},"excerpt":{"rendered":"<p>Belle ETUDE DE GRANAT - ALMANDIN xx - cristaux de premi\u00e8re qualit\u00e9 avec des faces terminales parfaites, sur de la GLACE LIMITE. Il a \u00e9t\u00e9 trouv\u00e9 dans la r\u00e9gion du Hornkees dans les Alpes de Zillertal. Poids : 560 g Dimensions : niveau 13 x 8 x 6 cm ALMANDINE jusqu'\u00e0 2 cm<\/p>","protected":false},"featured_media":1002,"template":"","meta":{"_acf_changed":false},"region":[],"product_brand":[],"product_cat":[15],"product_tag":[],"class_list":{"0":"post-1001","1":"product","2":"type-product","3":"status-publish","4":"has-post-thumbnail","6":"product_cat-mineralien","8":"first","9":"outofstock","10":"sold-individually","11":"product-type-simple"},"acf":[],"_links":{"self":[{"href":"https:\/\/westgem.shop\/fr\/wp-json\/wp\/v2\/product\/1001","targetHints":{"allow":["GET"]}}],"collection":[{"href":"https:\/\/westgem.shop\/fr\/wp-json\/wp\/v2\/product"}],"about":[{"href":"https:\/\/westgem.shop\/fr\/wp-json\/wp\/v2\/types\/product"}],"wp:featuredmedia":[{"embeddable":true,"href":"https:\/\/westgem.shop\/fr\/wp-json\/wp\/v2\/media\/1002"}],"wp:attachment":[{"href":"https:\/\/westgem.shop\/fr\/wp-json\/wp\/v2\/media?parent=1001"}],"wp:term":[{"taxonomy":"region","embeddable":true,"href":"https:\/\/westgem.shop\/fr\/wp-json\/wp\/v2\/region?post=1001"},{"taxonomy":"product_brand","embeddable":true,"href":"https:\/\/westgem.shop\/fr\/wp-json\/wp\/v2\/product_brand?post=1001"},{"taxonomy":"product_cat","embeddable":true,"href":"https:\/\/westgem.shop\/fr\/wp-json\/wp\/v2\/product_cat?post=1001"},{"taxonomy":"product_tag","embeddable":true,"href":"https:\/\/westgem.shop\/fr\/wp-json\/wp\/v2\/product_tag?post=1001"}],"curies":[{"name":"wp","href":"https:\/\/api.w.org\/{rel}","templated":true}]}}