{"id":1009,"date":"2000-06-29T00:00:00","date_gmt":"2000-06-29T00:00:00","guid":{"rendered":"https:\/\/miners.rocks\/product\/238\/"},"modified":"2020-05-19T16:56:35","modified_gmt":"2020-05-19T16:56:35","slug":"cristal-de-roche-double-niveau","status":"publish","type":"product","link":"https:\/\/westgem.shop\/fr\/produit\/cristal-de-roche-double-niveau\/","title":{"rendered":"CRISTAL DE ROCHE DOUBLE \u00c9METTEUR - NIVEAU"},"content":{"rendered":"<p>Rare \u00e9tage de flotteur en CRISTAL DE MONTAGNE avec des cristaux form\u00e9s \u00e0 deux extr\u00e9mit\u00e9s.<\/p>\n<p>Cet \u00e9tage a \u00e9t\u00e9 trouv\u00e9 dans les ann\u00e9es 70 au GOLDZECHKOPF dans les Hohe Tauern.<\/p>\n<p>Poids . 300 g Dimensions : 12 x 10 x 5 cm<\/p>","protected":false},"excerpt":{"rendered":"<p>Rare niveau flottant en CRISTAL DE MONTAGNE avec des cristaux form\u00e9s \u00e0 deux extr\u00e9mit\u00e9s. Ce niveau a \u00e9t\u00e9 trouv\u00e9 dans les ann\u00e9es 70 au GOLDZECHKOPF dans les Hohe Tauern. Poids . 300 g Dimensions : 12 x 10 x 5 cm<\/p>","protected":false},"featured_media":1010,"template":"","meta":{"_acf_changed":false},"region":[],"product_brand":[],"product_cat":[15],"product_tag":[],"class_list":{"0":"post-1009","1":"product","2":"type-product","3":"status-publish","4":"has-post-thumbnail","6":"product_cat-mineralien","8":"first","9":"outofstock","10":"sold-individually","11":"product-type-simple"},"acf":[],"_links":{"self":[{"href":"https:\/\/westgem.shop\/fr\/wp-json\/wp\/v2\/product\/1009","targetHints":{"allow":["GET"]}}],"collection":[{"href":"https:\/\/westgem.shop\/fr\/wp-json\/wp\/v2\/product"}],"about":[{"href":"https:\/\/westgem.shop\/fr\/wp-json\/wp\/v2\/types\/product"}],"wp:featuredmedia":[{"embeddable":true,"href":"https:\/\/westgem.shop\/fr\/wp-json\/wp\/v2\/media\/1010"}],"wp:attachment":[{"href":"https:\/\/westgem.shop\/fr\/wp-json\/wp\/v2\/media?parent=1009"}],"wp:term":[{"taxonomy":"region","embeddable":true,"href":"https:\/\/westgem.shop\/fr\/wp-json\/wp\/v2\/region?post=1009"},{"taxonomy":"product_brand","embeddable":true,"href":"https:\/\/westgem.shop\/fr\/wp-json\/wp\/v2\/product_brand?post=1009"},{"taxonomy":"product_cat","embeddable":true,"href":"https:\/\/westgem.shop\/fr\/wp-json\/wp\/v2\/product_cat?post=1009"},{"taxonomy":"product_tag","embeddable":true,"href":"https:\/\/westgem.shop\/fr\/wp-json\/wp\/v2\/product_tag?post=1009"}],"curies":[{"name":"wp","href":"https:\/\/api.w.org\/{rel}","templated":true}]}}