{"id":1012,"date":"2000-06-30T00:00:00","date_gmt":"2000-06-30T00:00:00","guid":{"rendered":"https:\/\/miners.rocks\/product\/239\/"},"modified":"2020-05-19T16:56:35","modified_gmt":"2020-05-19T16:56:35","slug":"cristal-de-roche-xx-sang-sacre","status":"publish","type":"product","link":"https:\/\/westgem.shop\/fr\/produit\/cristal-de-roche-xx-sang-sacre\/","title":{"rendered":"BERGKRISTALL xx - Sang sacr\u00e9"},"content":{"rendered":"<p>Etage de cristal de roche avec des faces terminales intactes, trouv\u00e9 il y a 40 ans sur le site min\u00e9ral connu - GJAIDTROGH\u00f6HE. Le GJAIDTROGH\u00f6HE est visible sur notre page d'accueil, \u00e0 c\u00f4t\u00e9 de la photo du Grossglockner. Il s'agit de la cha\u00eene de montagnes marron\/verte sur le c\u00f4t\u00e9 avant droit. Cette cha\u00eene de montagnes divise pratiquement la petite et la grande vall\u00e9e de la Flei\u00df. La petite vall\u00e9e m\u00e8ne au ZIRMSEE et au SONNBLICK et la grande vall\u00e9e de Flei\u00dftal au HOCHARN.<\/p>\n<p>Aujourd'hui, la r\u00e9gion se trouve dans le parc national de HOHE TAUERN - malheureusement, la recherche de min\u00e9raux n'y est plus autoris\u00e9e.<\/p>\n<p>Poids : 210 g Dimensions : 11 x 8 x 7 cm<\/p>","protected":false},"excerpt":{"rendered":"<p>Etage de cristal de roche avec des faces terminales intactes, trouv\u00e9 il y a 40 ans sur le site min\u00e9ral connu - GJAIDTROGH\u00f6HE. Le GJAIDTROGH\u00f6HE est visible sur notre page d'accueil, \u00e0 c\u00f4t\u00e9 de la photo du Grossglockner. Il s'agit de la cha\u00eene de montagnes marron\/verte sur le c\u00f4t\u00e9 avant droit. Cette cha\u00eene de montagnes divise pratiquement la petite et la grande vall\u00e9e de la Flei\u00df. La petite m\u00e8ne au ZIRMSEE et au [...].<\/p>","protected":false},"featured_media":1013,"template":"","meta":{"_acf_changed":false},"region":[],"product_brand":[],"product_cat":[15],"product_tag":[],"class_list":{"0":"post-1012","1":"product","2":"type-product","3":"status-publish","4":"has-post-thumbnail","6":"product_cat-mineralien","8":"first","9":"outofstock","10":"sold-individually","11":"product-type-simple"},"acf":[],"_links":{"self":[{"href":"https:\/\/westgem.shop\/fr\/wp-json\/wp\/v2\/product\/1012","targetHints":{"allow":["GET"]}}],"collection":[{"href":"https:\/\/westgem.shop\/fr\/wp-json\/wp\/v2\/product"}],"about":[{"href":"https:\/\/westgem.shop\/fr\/wp-json\/wp\/v2\/types\/product"}],"wp:featuredmedia":[{"embeddable":true,"href":"https:\/\/westgem.shop\/fr\/wp-json\/wp\/v2\/media\/1013"}],"wp:attachment":[{"href":"https:\/\/westgem.shop\/fr\/wp-json\/wp\/v2\/media?parent=1012"}],"wp:term":[{"taxonomy":"region","embeddable":true,"href":"https:\/\/westgem.shop\/fr\/wp-json\/wp\/v2\/region?post=1012"},{"taxonomy":"product_brand","embeddable":true,"href":"https:\/\/westgem.shop\/fr\/wp-json\/wp\/v2\/product_brand?post=1012"},{"taxonomy":"product_cat","embeddable":true,"href":"https:\/\/westgem.shop\/fr\/wp-json\/wp\/v2\/product_cat?post=1012"},{"taxonomy":"product_tag","embeddable":true,"href":"https:\/\/westgem.shop\/fr\/wp-json\/wp\/v2\/product_tag?post=1012"}],"curies":[{"name":"wp","href":"https:\/\/api.w.org\/{rel}","templated":true}]}}