{"id":1017,"date":"2000-07-01T00:00:00","date_gmt":"2000-07-01T00:00:00","guid":{"rendered":"https:\/\/miners.rocks\/product\/240\/"},"modified":"2020-05-19T16:56:36","modified_gmt":"2020-05-19T16:56:36","slug":"parfait-grenat-spessartin-coralpe","status":"publish","type":"product","link":"https:\/\/westgem.shop\/fr\/produit\/parfait-grenat-spessartin-coralpe\/","title":{"rendered":"SPESSARTIN GRANAT- KORALPE parfait"},"content":{"rendered":"<p>Lors de la recherche de TURMALINES noires, en particulier dans les PEGMATITES du sommet du Gro\u00dfer Speickkogel en 2003, nous avons trouv\u00e9 quelques GRANITS DE SPESSARTINE exceptionnels. Nous avons vendu plusieurs marches lors de diverses bourses aux min\u00e9raux - nous avons encore cette marche.<\/p>\n<p> Avec cette pi\u00e8ce, nous voulons simplement montrer qu'avec un peu d'effort et bien s\u00fbr de la chance, il est toujours possible de trouver quelque chose de beau, malgr\u00e9 les d\u00e9clarations contradictoires. Dans ce sens : BONNE CHANCE !<\/p>\n<p>niveau : 12 x 10 cm CRISTAL SPESSARTIN - : 3 cm<\/p>","protected":false},"excerpt":{"rendered":"<p>Lors de la recherche de TURMALINES noires, en particulier dans les PEGMATITES du sommet du Gro\u00dfer Speickkogel en 2003, nous avons trouv\u00e9 quelques GRANITS DE SPESSARTINE exceptionnels. Nous avons vendu plusieurs marches lors de diverses bourses aux min\u00e9raux - nous avons encore cette marche. Avec cette pi\u00e8ce, nous voulons seulement montrer qu'avec un peu d'effort et bien s\u00fbr [...].<\/p>","protected":false},"featured_media":1018,"template":"","meta":{"_acf_changed":false},"region":[],"product_brand":[],"product_cat":[15],"product_tag":[],"class_list":{"0":"post-1017","1":"product","2":"type-product","3":"status-publish","4":"has-post-thumbnail","6":"product_cat-mineralien","8":"first","9":"outofstock","10":"sold-individually","11":"product-type-simple"},"acf":[],"_links":{"self":[{"href":"https:\/\/westgem.shop\/fr\/wp-json\/wp\/v2\/product\/1017","targetHints":{"allow":["GET"]}}],"collection":[{"href":"https:\/\/westgem.shop\/fr\/wp-json\/wp\/v2\/product"}],"about":[{"href":"https:\/\/westgem.shop\/fr\/wp-json\/wp\/v2\/types\/product"}],"wp:featuredmedia":[{"embeddable":true,"href":"https:\/\/westgem.shop\/fr\/wp-json\/wp\/v2\/media\/1018"}],"wp:attachment":[{"href":"https:\/\/westgem.shop\/fr\/wp-json\/wp\/v2\/media?parent=1017"}],"wp:term":[{"taxonomy":"region","embeddable":true,"href":"https:\/\/westgem.shop\/fr\/wp-json\/wp\/v2\/region?post=1017"},{"taxonomy":"product_brand","embeddable":true,"href":"https:\/\/westgem.shop\/fr\/wp-json\/wp\/v2\/product_brand?post=1017"},{"taxonomy":"product_cat","embeddable":true,"href":"https:\/\/westgem.shop\/fr\/wp-json\/wp\/v2\/product_cat?post=1017"},{"taxonomy":"product_tag","embeddable":true,"href":"https:\/\/westgem.shop\/fr\/wp-json\/wp\/v2\/product_tag?post=1017"}],"curies":[{"name":"wp","href":"https:\/\/api.w.org\/{rel}","templated":true}]}}