{"id":1021,"date":"2000-07-02T00:00:00","date_gmt":"2000-07-02T00:00:00","guid":{"rendered":"https:\/\/miners.rocks\/product\/241\/"},"modified":"2020-05-19T16:56:36","modified_gmt":"2020-05-19T16:56:36","slug":"tete-de-verre-noire-fichtelgebirge","status":"publish","type":"product","link":"https:\/\/westgem.shop\/fr\/produit\/tete-de-verre-noire-fichtelgebirge\/","title":{"rendered":"T\u00caTE DE VERRE noire - Fichtelgebirge"},"content":{"rendered":"<p>L'h\u00e9matite est un min\u00e9ral ferreux qui se pr\u00e9sente sous diff\u00e9rentes formes et dont les noms varient en fonction de son aspect, par exemple T\u00caTE DE VERRE rouge et noire = minerai de fer rouge ou noir avec des agr\u00e9gats en forme de t\u00eate de verre et de grappes. La PIERRE SANGUINE est une vari\u00e9t\u00e9 de fer rouge dense - mais les cha\u00eenes et pierres en PIERRE SANGUINE propos\u00e9es aujourd'hui dans le commerce ne sont pas, pour la plupart, de l'h\u00e9matite mais sont fabriqu\u00e9es \u00e0 partir d'un produit fritt\u00e9 de fer ou d'un gisement de fer magn\u00e9tite du Br\u00e9sil.<\/p>\n<p>On peut facilement v\u00e9rifier l'authenticit\u00e9 avec une simple boussole ou avec un aimant - la vraie PIERRE DE SANG n'est JAMAIS MAGN\u00c9TIQUE. Mais la plupart des bijoux en pierre de sang le sont !<\/p>\n<p>Cet ancien niveau provient de l'ARZBERG dans le Fichtelgebirge ( H\u00c9MATISATION depuis l'an 1 300 ) en BAVYERRE<\/p>\n<p>Poids : 670 g Dimensions : 13 x 8 x 6 cm<\/p>","protected":false},"excerpt":{"rendered":"<p>L'h\u00e9matite est un min\u00e9ral ferreux que l'on trouve sous diff\u00e9rentes formes et qui porte des noms diff\u00e9rents selon son aspect, par exemple T\u00caTE DE VERRE rouge et noire = minerai de fer rouge ou noir avec des agr\u00e9gats en forme de t\u00eate de verre et de grappes. La PIERRE SANGUINE est une vari\u00e9t\u00e9 de fer rouge dense - mais les cha\u00eenes et les pierres propos\u00e9es aujourd'hui dans le commerce ne sont pour la plupart pas de l'h\u00e9matite mais fabriqu\u00e9es \u00e0 partir d'un produit fritt\u00e9 de fer ou [...].<\/p>","protected":false},"featured_media":1022,"template":"","meta":{"_acf_changed":false},"region":[],"product_brand":[],"product_cat":[15],"product_tag":[],"class_list":{"0":"post-1021","1":"product","2":"type-product","3":"status-publish","4":"has-post-thumbnail","6":"product_cat-mineralien","8":"first","9":"outofstock","10":"sold-individually","11":"product-type-simple"},"acf":[],"_links":{"self":[{"href":"https:\/\/westgem.shop\/fr\/wp-json\/wp\/v2\/product\/1021","targetHints":{"allow":["GET"]}}],"collection":[{"href":"https:\/\/westgem.shop\/fr\/wp-json\/wp\/v2\/product"}],"about":[{"href":"https:\/\/westgem.shop\/fr\/wp-json\/wp\/v2\/types\/product"}],"wp:featuredmedia":[{"embeddable":true,"href":"https:\/\/westgem.shop\/fr\/wp-json\/wp\/v2\/media\/1022"}],"wp:attachment":[{"href":"https:\/\/westgem.shop\/fr\/wp-json\/wp\/v2\/media?parent=1021"}],"wp:term":[{"taxonomy":"region","embeddable":true,"href":"https:\/\/westgem.shop\/fr\/wp-json\/wp\/v2\/region?post=1021"},{"taxonomy":"product_brand","embeddable":true,"href":"https:\/\/westgem.shop\/fr\/wp-json\/wp\/v2\/product_brand?post=1021"},{"taxonomy":"product_cat","embeddable":true,"href":"https:\/\/westgem.shop\/fr\/wp-json\/wp\/v2\/product_cat?post=1021"},{"taxonomy":"product_tag","embeddable":true,"href":"https:\/\/westgem.shop\/fr\/wp-json\/wp\/v2\/product_tag?post=1021"}],"curies":[{"name":"wp","href":"https:\/\/api.w.org\/{rel}","templated":true}]}}