{"id":1025,"date":"2000-07-03T00:00:00","date_gmt":"2000-07-03T00:00:00","guid":{"rendered":"https:\/\/miners.rocks\/product\/242\/"},"modified":"2020-05-19T16:56:37","modified_gmt":"2020-05-19T16:56:37","slug":"wulfenit-xx-bleiberg-localisation-type","status":"publish","type":"product","link":"https:\/\/westgem.shop\/fr\/produit\/wulfenit-xx-bleiberg-localisation-type\/","title":{"rendered":"WULFENIT xx - BLEIBERG - Localit\u00e9 type"},"content":{"rendered":"<p>BLEIBERGER WULFENIT xx de la TYPLOCALIT\u00c9<\/p>\n<p>D\u00e9crite pour la premi\u00e8re fois par le naturaliste baron Franz Xaver von Wulfen en 1783 sous le nom de Bleyspath de Carinthie .<\/p>\n<p><u>Tr\u00e8s grande marche orn\u00e9e de nombreux cristaux de WULFENIT rouge\u00e2tres tout autour.<\/u><\/p>\n<p>Ces WULFENITE rouge\u00e2tres particuli\u00e8res n'ont pas \u00e9t\u00e9 trouv\u00e9es dans la fosse STEFANIE comme les oranges jaunes, mais dans la fosse FRANZ JOSEF.<\/p>\n<p>BLEIBERG\/KREUTH - Carinthie<\/p>\n<p>2,60 kilogrammes Dimensions : 19 x 13 x 12 cm<\/p>\n<p> Les WULFENITE BLEIBERGER sont des RARIT\u00c9S absolues<\/p>\n<p>MINERAUX DE CARENE - WULFENIT de la TYPLOCALIT\u00c9<\/p>\n<p>Des photos montrent la marche sous tous les angles.<\/p>","protected":false},"excerpt":{"rendered":"<p>BLEIBERGER WULFENIT xx de TYPLOCALIT\u00c9 D\u00e9crite pour la premi\u00e8re fois en 1783 par le naturaliste Baron Franz Xaver von Wulfen comme \u00e9tant de la Bleyspat de Carinthie. Tr\u00e8s grand niveau avec de nombreux cristaux de WULFENIT rouge\u00e2tres tout autour. Ces WULFENITES rouge\u00e2tres particuli\u00e8res n'ont pas \u00e9t\u00e9 trouv\u00e9es dans la mine STEFANIE comme les oranges jaunes, mais dans la mine FRANZ JOSEF. BLEIBERG\/KREUTH - Carinthie 2,60 kilogrammes [...]<\/p>","protected":false},"featured_media":1026,"template":"","meta":{"_acf_changed":false},"region":[],"product_brand":[],"product_cat":[15],"product_tag":[],"class_list":{"0":"post-1025","1":"product","2":"type-product","3":"status-publish","4":"has-post-thumbnail","6":"product_cat-mineralien","8":"first","9":"outofstock","10":"sold-individually","11":"product-type-simple"},"acf":[],"_links":{"self":[{"href":"https:\/\/westgem.shop\/fr\/wp-json\/wp\/v2\/product\/1025","targetHints":{"allow":["GET"]}}],"collection":[{"href":"https:\/\/westgem.shop\/fr\/wp-json\/wp\/v2\/product"}],"about":[{"href":"https:\/\/westgem.shop\/fr\/wp-json\/wp\/v2\/types\/product"}],"wp:featuredmedia":[{"embeddable":true,"href":"https:\/\/westgem.shop\/fr\/wp-json\/wp\/v2\/media\/1026"}],"wp:attachment":[{"href":"https:\/\/westgem.shop\/fr\/wp-json\/wp\/v2\/media?parent=1025"}],"wp:term":[{"taxonomy":"region","embeddable":true,"href":"https:\/\/westgem.shop\/fr\/wp-json\/wp\/v2\/region?post=1025"},{"taxonomy":"product_brand","embeddable":true,"href":"https:\/\/westgem.shop\/fr\/wp-json\/wp\/v2\/product_brand?post=1025"},{"taxonomy":"product_cat","embeddable":true,"href":"https:\/\/westgem.shop\/fr\/wp-json\/wp\/v2\/product_cat?post=1025"},{"taxonomy":"product_tag","embeddable":true,"href":"https:\/\/westgem.shop\/fr\/wp-json\/wp\/v2\/product_tag?post=1025"}],"curies":[{"name":"wp","href":"https:\/\/api.w.org\/{rel}","templated":true}]}}