{"id":1032,"date":"2000-07-04T00:00:00","date_gmt":"2000-07-04T00:00:00","guid":{"rendered":"https:\/\/miners.rocks\/product\/243\/"},"modified":"2020-05-19T16:56:37","modified_gmt":"2020-05-19T16:56:37","slug":"cristal-de-roche-xx-grauleitenspitze","status":"publish","type":"product","link":"https:\/\/westgem.shop\/fr\/produit\/cristal-de-roche-xx-grauleitenspitze\/","title":{"rendered":"CRISTAL DE MONTAGNE xx - POINTE DE GRAULEITE"},"content":{"rendered":"<p>Int\u00e9ressant niveau en CRISTAL DE MONTAGNE provenant de la PAROI SUD DE GRAULEITE , trouv\u00e9 vers 1970 \u00e0 une altitude d'environ 2.900 m\u00e8tres.<\/p>\n<p>Surfaces d'extr\u00e9mit\u00e9 des cristaux non endommag\u00e9es - tr\u00e8s d\u00e9coratives avec une base plate en quartz et des cristaux qui se dressent \u00e0 pic.<\/p>\n<p>Poids : 0,75 kg Dimensions : 21 x 12 x 9 cm<\/p>","protected":false},"excerpt":{"rendered":"<p>Int\u00e9ressant niveau en CRISTAL DE MONTAGNE provenant de la paroi sud des GRAULEITES, trouv\u00e9 vers 1970 \u00e0 une altitude d'environ 2.900 m\u00e8tres. Surfaces terminales des cristaux non endommag\u00e9es - tr\u00e8s d\u00e9coratif avec une base plate en quartz et des cristaux \u00e0 pic. Poids : 0,75 kg Dimensions : 21 x 12 x 9 cm<\/p>","protected":false},"featured_media":1033,"template":"","meta":{"_acf_changed":false},"region":[],"product_brand":[],"product_cat":[15],"product_tag":[],"class_list":{"0":"post-1032","1":"product","2":"type-product","3":"status-publish","4":"has-post-thumbnail","6":"product_cat-mineralien","8":"first","9":"outofstock","10":"sold-individually","11":"product-type-simple"},"acf":[],"_links":{"self":[{"href":"https:\/\/westgem.shop\/fr\/wp-json\/wp\/v2\/product\/1032","targetHints":{"allow":["GET"]}}],"collection":[{"href":"https:\/\/westgem.shop\/fr\/wp-json\/wp\/v2\/product"}],"about":[{"href":"https:\/\/westgem.shop\/fr\/wp-json\/wp\/v2\/types\/product"}],"wp:featuredmedia":[{"embeddable":true,"href":"https:\/\/westgem.shop\/fr\/wp-json\/wp\/v2\/media\/1033"}],"wp:attachment":[{"href":"https:\/\/westgem.shop\/fr\/wp-json\/wp\/v2\/media?parent=1032"}],"wp:term":[{"taxonomy":"region","embeddable":true,"href":"https:\/\/westgem.shop\/fr\/wp-json\/wp\/v2\/region?post=1032"},{"taxonomy":"product_brand","embeddable":true,"href":"https:\/\/westgem.shop\/fr\/wp-json\/wp\/v2\/product_brand?post=1032"},{"taxonomy":"product_cat","embeddable":true,"href":"https:\/\/westgem.shop\/fr\/wp-json\/wp\/v2\/product_cat?post=1032"},{"taxonomy":"product_tag","embeddable":true,"href":"https:\/\/westgem.shop\/fr\/wp-json\/wp\/v2\/product_tag?post=1032"}],"curies":[{"name":"wp","href":"https:\/\/api.w.org\/{rel}","templated":true}]}}