{"id":1036,"date":"2000-07-05T00:00:00","date_gmt":"2000-07-05T00:00:00","guid":{"rendered":"https:\/\/miners.rocks\/product\/244\/"},"modified":"2020-05-19T16:56:38","modified_gmt":"2020-05-19T16:56:38","slug":"cristal-de-roche-niveau-mine-dor","status":"publish","type":"product","link":"https:\/\/westgem.shop\/fr\/produit\/cristal-de-roche-niveau-mine-dor\/","title":{"rendered":"CRISTAL DE MONTAGNE niveau - ZECHE D'OR"},"content":{"rendered":"<p>CRISTAL DE MONTAGNE Niveau de la c\u00e9l\u00e8bre r\u00e9gion des HAUTES TAURES, o\u00f9 l'on a cherch\u00e9 pendant des si\u00e8cles l'or tant convoit\u00e9 des TAUERNGOLD. Aujourd'hui, cette r\u00e9gion alpine se trouve dans le parc national des Hohe Tauern et la recherche de min\u00e9raux y est interdite.<\/p>\n<p>Cette belle marche en cristal de roche poss\u00e8de naturellement des faces terminales en cristal compl\u00e8tement intactes.<\/p>\n<p>Poids : 0,6 kilogramme Dimensions : 12 x 10 x 8 cm<\/p>\n<p>Encore une remarque sur les prix. La qualit\u00e9 et la raret\u00e9 de ces min\u00e9raux ne sont en aucun cas comparables \u00e0 celles des produits de masse fabriqu\u00e9s au Br\u00e9sil.<\/p>","protected":false},"excerpt":{"rendered":"<p>CRISTAL DE MONTAGNE Niveau de la c\u00e9l\u00e8bre r\u00e9gion des HAUTES TAURES, o\u00f9 l'on a cherch\u00e9 pendant des si\u00e8cles l'or tant convoit\u00e9 des TAUERNGOLD. Aujourd'hui, cette r\u00e9gion alpine se trouve dans le parc national des Hohe Tauern et la recherche de min\u00e9raux y est interdite. Cette belle marche en cristal de roche poss\u00e8de naturellement des faces terminales en cristal compl\u00e8tement intactes. Poids : 0,6 kilogrammes Dimensions : 12 x 10 x 8 cm [...]<\/p>","protected":false},"featured_media":1037,"template":"","meta":{"_acf_changed":false},"region":[],"product_brand":[],"product_cat":[15],"product_tag":[],"class_list":{"0":"post-1036","1":"product","2":"type-product","3":"status-publish","4":"has-post-thumbnail","6":"product_cat-mineralien","8":"first","9":"outofstock","10":"sold-individually","11":"product-type-simple"},"acf":[],"_links":{"self":[{"href":"https:\/\/westgem.shop\/fr\/wp-json\/wp\/v2\/product\/1036","targetHints":{"allow":["GET"]}}],"collection":[{"href":"https:\/\/westgem.shop\/fr\/wp-json\/wp\/v2\/product"}],"about":[{"href":"https:\/\/westgem.shop\/fr\/wp-json\/wp\/v2\/types\/product"}],"wp:featuredmedia":[{"embeddable":true,"href":"https:\/\/westgem.shop\/fr\/wp-json\/wp\/v2\/media\/1037"}],"wp:attachment":[{"href":"https:\/\/westgem.shop\/fr\/wp-json\/wp\/v2\/media?parent=1036"}],"wp:term":[{"taxonomy":"region","embeddable":true,"href":"https:\/\/westgem.shop\/fr\/wp-json\/wp\/v2\/region?post=1036"},{"taxonomy":"product_brand","embeddable":true,"href":"https:\/\/westgem.shop\/fr\/wp-json\/wp\/v2\/product_brand?post=1036"},{"taxonomy":"product_cat","embeddable":true,"href":"https:\/\/westgem.shop\/fr\/wp-json\/wp\/v2\/product_cat?post=1036"},{"taxonomy":"product_tag","embeddable":true,"href":"https:\/\/westgem.shop\/fr\/wp-json\/wp\/v2\/product_tag?post=1036"}],"curies":[{"name":"wp","href":"https:\/\/api.w.org\/{rel}","templated":true}]}}