{"id":1040,"date":"2000-07-06T00:00:00","date_gmt":"2000-07-06T00:00:00","guid":{"rendered":"https:\/\/miners.rocks\/product\/245\/"},"modified":"2020-05-19T16:56:38","modified_gmt":"2020-05-19T16:56:38","slug":"oeil-de-faucon-brut","status":"publish","type":"product","link":"https:\/\/westgem.shop\/fr\/produit\/oeil-de-faucon-brut\/","title":{"rendered":"\u0152il de faucon - ROH"},"content":{"rendered":"<p> L'\u0153il de faucon est pratiquement le pr\u00e9curseur du c\u00e9l\u00e8bre \u0153il de tigre. D'un point de vue min\u00e9ralogique, l'\u0153il de faucon est la transformation pseudomorphe du MINERAL D'ASBES - CROQUYDOLITE en quartz, en conservant sa structure fibreuse d'origine. Ces anciennes fibres d'amiante parall\u00e8les produisent cette fameuse irisation de surface appel\u00e9e chayotisme. L'\u0153il de tigre jaune dor\u00e9 est obtenu par l'incorporation de limonite dans l'\u0153il de faucon.<\/p>\n<p>Poids . 220 g Dimensions : 10x 5 x 3 cm<\/p>\n<p>Le site est la mine de fer Bandet \u00e0 Griqualand - Afrique du Sud.<\/p>","protected":false},"excerpt":{"rendered":"<p>L'\u0153il de faucon est pratiquement le pr\u00e9curseur du c\u00e9l\u00e8bre \u0153il de tigre. D'un point de vue min\u00e9ralogique, l'\u0153il de faucon est la transformation pseudomorphe du MINERAL D'ASBES - CROQUYDOLITE en quartz, en conservant sa structure fibreuse d'origine. Ces anciennes fibres d'amiante parall\u00e8les produisent cette fameuse irisation de surface appel\u00e9e chayotisme. L'\u0153il de tigre jaune dor\u00e9 est obtenu par l'incorporation de limonite dans l'\u0153il de faucon.<\/p>","protected":false},"featured_media":1041,"template":"","meta":{"_acf_changed":false},"region":[],"product_brand":[],"product_cat":[15],"product_tag":[],"class_list":{"0":"post-1040","1":"product","2":"type-product","3":"status-publish","4":"has-post-thumbnail","6":"product_cat-mineralien","8":"first","9":"outofstock","10":"sold-individually","11":"product-type-simple"},"acf":[],"_links":{"self":[{"href":"https:\/\/westgem.shop\/fr\/wp-json\/wp\/v2\/product\/1040","targetHints":{"allow":["GET"]}}],"collection":[{"href":"https:\/\/westgem.shop\/fr\/wp-json\/wp\/v2\/product"}],"about":[{"href":"https:\/\/westgem.shop\/fr\/wp-json\/wp\/v2\/types\/product"}],"wp:featuredmedia":[{"embeddable":true,"href":"https:\/\/westgem.shop\/fr\/wp-json\/wp\/v2\/media\/1041"}],"wp:attachment":[{"href":"https:\/\/westgem.shop\/fr\/wp-json\/wp\/v2\/media?parent=1040"}],"wp:term":[{"taxonomy":"region","embeddable":true,"href":"https:\/\/westgem.shop\/fr\/wp-json\/wp\/v2\/region?post=1040"},{"taxonomy":"product_brand","embeddable":true,"href":"https:\/\/westgem.shop\/fr\/wp-json\/wp\/v2\/product_brand?post=1040"},{"taxonomy":"product_cat","embeddable":true,"href":"https:\/\/westgem.shop\/fr\/wp-json\/wp\/v2\/product_cat?post=1040"},{"taxonomy":"product_tag","embeddable":true,"href":"https:\/\/westgem.shop\/fr\/wp-json\/wp\/v2\/product_tag?post=1040"}],"curies":[{"name":"wp","href":"https:\/\/api.w.org\/{rel}","templated":true}]}}