{"id":1048,"date":"2000-07-08T00:00:00","date_gmt":"2000-07-08T00:00:00","guid":{"rendered":"https:\/\/miners.rocks\/product\/247\/"},"modified":"2020-05-19T16:56:39","modified_gmt":"2020-05-19T16:56:39","slug":"calcite-xx-villacher-alpe","status":"publish","type":"product","link":"https:\/\/westgem.shop\/fr\/produit\/calcite-xx-villacher-alpe\/","title":{"rendered":"CALCIT xx - VILLACHER ALPE"},"content":{"rendered":"<p>Ces marches en CALCIT ont \u00e9t\u00e9 trouv\u00e9es dans une grotte de l'Alpe de Villach (Dobratsch).<\/p>\n<p>Le massif du Dobratsch abrite de nombreuses grottes qui ne cessent d'int\u00e9resser les sp\u00e9l\u00e9ologues.<\/p>\n<p>Nous n'avons tout d'abord pas pu classer cette CALCITE du point de vue de l'endroit o\u00f9 elle a \u00e9t\u00e9 trouv\u00e9e - c'est seulement un collectionneur de min\u00e9raux et chercheur connu de Carinthie qui nous a indiqu\u00e9 cet endroit.<\/p>\n<p>1,3 kg.   Dimensions : 17 x 11 x 7 cm<\/p>","protected":false},"excerpt":{"rendered":"<p>Ces marches en calcite ont \u00e9t\u00e9 trouv\u00e9es dans une grotte de l'Alpe de Villach (Dobratsch). Il y a de nombreuses grottes dans le massif du Dobratsch et elles sont toujours int\u00e9ressantes pour les sp\u00e9l\u00e9ologues. Nous n'avons tout d'abord pas pu classer cette CALCITE en fonction de l'endroit o\u00f9 elle a \u00e9t\u00e9 trouv\u00e9e - c'est un collectionneur de min\u00e9raux et chercheur connu de Carinthie qui nous a indiqu\u00e9 cet endroit. 1,3 kg. Dimensions : 17 [...]<\/p>","protected":false},"featured_media":1049,"template":"","meta":{"_acf_changed":false},"region":[],"product_brand":[],"product_cat":[15],"product_tag":[],"class_list":{"0":"post-1048","1":"product","2":"type-product","3":"status-publish","4":"has-post-thumbnail","6":"product_cat-mineralien","8":"first","9":"outofstock","10":"sold-individually","11":"product-type-simple"},"acf":[],"_links":{"self":[{"href":"https:\/\/westgem.shop\/fr\/wp-json\/wp\/v2\/product\/1048","targetHints":{"allow":["GET"]}}],"collection":[{"href":"https:\/\/westgem.shop\/fr\/wp-json\/wp\/v2\/product"}],"about":[{"href":"https:\/\/westgem.shop\/fr\/wp-json\/wp\/v2\/types\/product"}],"wp:featuredmedia":[{"embeddable":true,"href":"https:\/\/westgem.shop\/fr\/wp-json\/wp\/v2\/media\/1049"}],"wp:attachment":[{"href":"https:\/\/westgem.shop\/fr\/wp-json\/wp\/v2\/media?parent=1048"}],"wp:term":[{"taxonomy":"region","embeddable":true,"href":"https:\/\/westgem.shop\/fr\/wp-json\/wp\/v2\/region?post=1048"},{"taxonomy":"product_brand","embeddable":true,"href":"https:\/\/westgem.shop\/fr\/wp-json\/wp\/v2\/product_brand?post=1048"},{"taxonomy":"product_cat","embeddable":true,"href":"https:\/\/westgem.shop\/fr\/wp-json\/wp\/v2\/product_cat?post=1048"},{"taxonomy":"product_tag","embeddable":true,"href":"https:\/\/westgem.shop\/fr\/wp-json\/wp\/v2\/product_tag?post=1048"}],"curies":[{"name":"wp","href":"https:\/\/api.w.org\/{rel}","templated":true}]}}