{"id":1053,"date":"2000-07-09T00:00:00","date_gmt":"2000-07-09T00:00:00","guid":{"rendered":"https:\/\/miners.rocks\/product\/248\/"},"modified":"2020-05-19T16:56:40","modified_gmt":"2020-05-19T16:56:40","slug":"borite-minerai-de-cuivre","status":"publish","type":"product","link":"https:\/\/westgem.shop\/fr\/produit\/borite-minerai-de-cuivre\/","title":{"rendered":"BORNIT - Minerai de cuivre"},"content":{"rendered":"<p>La BORNITE ou CUPPERKIES COULEURS pr\u00e9sente des cristaux tr\u00e8s rarement form\u00e9s.<\/p>\n<p>La borite est un minerai de cuivrage tr\u00e8s important que l'on ne trouve g\u00e9n\u00e9ralement que dans les gisements pauvres en fer.<\/p>\n<p>Cette pi\u00e8ce a \u00e9t\u00e9 trouv\u00e9e dans la mine de San Miguel au Mexique.<\/p>\n<p>Poids : 67g Dimensions : 16 x 8 x 3 cm<\/p>","protected":false},"excerpt":{"rendered":"<p>La BORNITE ou KUPFERKIES COLOR\u00c9S pr\u00e9sente des cristaux tr\u00e8s rarement form\u00e9s. La BORNITE est un minerai de CUPPER tr\u00e8s important et ne se trouve g\u00e9n\u00e9ralement que dans les gisements pauvres en fer. Le lieu de d\u00e9couverte de cette pi\u00e8ce est la mine de San Miguel au Mexique Poids : 67g Dimensions : 16 x 8 x 3 cm<\/p>","protected":false},"featured_media":1054,"template":"","meta":{"_acf_changed":false},"region":[],"product_brand":[],"product_cat":[15],"product_tag":[],"class_list":{"0":"post-1053","1":"product","2":"type-product","3":"status-publish","4":"has-post-thumbnail","6":"product_cat-mineralien","8":"first","9":"outofstock","10":"sold-individually","11":"product-type-simple"},"acf":[],"_links":{"self":[{"href":"https:\/\/westgem.shop\/fr\/wp-json\/wp\/v2\/product\/1053","targetHints":{"allow":["GET"]}}],"collection":[{"href":"https:\/\/westgem.shop\/fr\/wp-json\/wp\/v2\/product"}],"about":[{"href":"https:\/\/westgem.shop\/fr\/wp-json\/wp\/v2\/types\/product"}],"wp:featuredmedia":[{"embeddable":true,"href":"https:\/\/westgem.shop\/fr\/wp-json\/wp\/v2\/media\/1054"}],"wp:attachment":[{"href":"https:\/\/westgem.shop\/fr\/wp-json\/wp\/v2\/media?parent=1053"}],"wp:term":[{"taxonomy":"region","embeddable":true,"href":"https:\/\/westgem.shop\/fr\/wp-json\/wp\/v2\/region?post=1053"},{"taxonomy":"product_brand","embeddable":true,"href":"https:\/\/westgem.shop\/fr\/wp-json\/wp\/v2\/product_brand?post=1053"},{"taxonomy":"product_cat","embeddable":true,"href":"https:\/\/westgem.shop\/fr\/wp-json\/wp\/v2\/product_cat?post=1053"},{"taxonomy":"product_tag","embeddable":true,"href":"https:\/\/westgem.shop\/fr\/wp-json\/wp\/v2\/product_tag?post=1053"}],"curies":[{"name":"wp","href":"https:\/\/api.w.org\/{rel}","templated":true}]}}