{"id":1061,"date":"2000-07-11T00:00:00","date_gmt":"2000-07-11T00:00:00","guid":{"rendered":"https:\/\/miners.rocks\/product\/250\/"},"modified":"2020-05-19T16:56:41","modified_gmt":"2020-05-19T16:56:41","slug":"adular-xx-baerenkopfkees-cone-de-tete-dours","status":"publish","type":"product","link":"https:\/\/westgem.shop\/fr\/produit\/adular-xx-baerenkopfkees-cone-de-tete-dours\/","title":{"rendered":"ADULAR xx - C\u00f4ne de la t\u00eate d'ours"},"content":{"rendered":"<p>ADULAR xx = Fissure FELDSPAT des hautes Alpes - vari\u00e9t\u00e9 - avec de beaux cristaux blancs et transparents sur le gneiss des Tauern .<\/p>\n<\/p>\n<p>Lieu de d\u00e9couverte : B\u00e4RENKOPFKEES - HOHE TAUERN - SALZBURG - \u00e0 plus de 3.000 m\u00e8tres .<\/p>\n<\/p>\n<p>Poids : 890 g Dimensions : 12 x 10 x 7 cm<\/p>","protected":false},"excerpt":{"rendered":"<p>ADULAR xx = Fissure alpine de FELDSPAT - vari\u00e9t\u00e9 - avec de beaux cristaux blancs et transparents sur gneiss des Tauern . Lieu de d\u00e9couverte : B\u00e4RENKOPFKEES - HOHE TAUERN - SALZBURG - \u00e0 plus de 3.000 m\u00e8tres . Poids : 890 g Dimensions : 12 x 10 x 7 cm<\/p>","protected":false},"featured_media":1062,"template":"","meta":{"_acf_changed":false},"region":[],"product_brand":[],"product_cat":[15],"product_tag":[],"class_list":{"0":"post-1061","1":"product","2":"type-product","3":"status-publish","4":"has-post-thumbnail","6":"product_cat-mineralien","8":"first","9":"outofstock","10":"sold-individually","11":"product-type-simple"},"acf":[],"_links":{"self":[{"href":"https:\/\/westgem.shop\/fr\/wp-json\/wp\/v2\/product\/1061","targetHints":{"allow":["GET"]}}],"collection":[{"href":"https:\/\/westgem.shop\/fr\/wp-json\/wp\/v2\/product"}],"about":[{"href":"https:\/\/westgem.shop\/fr\/wp-json\/wp\/v2\/types\/product"}],"wp:featuredmedia":[{"embeddable":true,"href":"https:\/\/westgem.shop\/fr\/wp-json\/wp\/v2\/media\/1062"}],"wp:attachment":[{"href":"https:\/\/westgem.shop\/fr\/wp-json\/wp\/v2\/media?parent=1061"}],"wp:term":[{"taxonomy":"region","embeddable":true,"href":"https:\/\/westgem.shop\/fr\/wp-json\/wp\/v2\/region?post=1061"},{"taxonomy":"product_brand","embeddable":true,"href":"https:\/\/westgem.shop\/fr\/wp-json\/wp\/v2\/product_brand?post=1061"},{"taxonomy":"product_cat","embeddable":true,"href":"https:\/\/westgem.shop\/fr\/wp-json\/wp\/v2\/product_cat?post=1061"},{"taxonomy":"product_tag","embeddable":true,"href":"https:\/\/westgem.shop\/fr\/wp-json\/wp\/v2\/product_tag?post=1061"}],"curies":[{"name":"wp","href":"https:\/\/api.w.org\/{rel}","templated":true}]}}