{"id":1065,"date":"2000-07-12T00:00:00","date_gmt":"2000-07-12T00:00:00","guid":{"rendered":"https:\/\/miners.rocks\/product\/251\/"},"modified":"2020-05-19T16:56:41","modified_gmt":"2020-05-19T16:56:41","slug":"quartz-rose-de-madagascar-aa-5","status":"publish","type":"product","link":"https:\/\/westgem.shop\/fr\/produit\/quartz-rose-de-madagascar-aa-5\/","title":{"rendered":"Madagascar - QUARTZ ROSE AA"},"content":{"rendered":"<p>Tr\u00e8s joliment taill\u00e9 et poli QUARTZ ROSE AA Freeform.<\/p>\n<p>Le QUARTZ ROSE de Madagascar est consid\u00e9r\u00e9 comme la meilleure qualit\u00e9 au monde.<\/p>\n<p>Poids : 390 g Dimensions : 9 x 6 x 5 cm<\/p>","protected":false},"excerpt":{"rendered":"<p>Tr\u00e8s joliment taill\u00e9 et poli, le QUARTZ ROSE AA Freeform. Le QUARTZ ROSE de Madagascar est consid\u00e9r\u00e9 comme la meilleure qualit\u00e9 au monde. Poids : 390 g Dimensions : 9 x 6 x 5 cm<\/p>","protected":false},"featured_media":1066,"template":"","meta":{"_acf_changed":false},"region":[],"product_brand":[],"product_cat":[15],"product_tag":[],"class_list":{"0":"post-1065","1":"product","2":"type-product","3":"status-publish","4":"has-post-thumbnail","6":"product_cat-mineralien","8":"first","9":"outofstock","10":"sold-individually","11":"product-type-simple"},"acf":[],"_links":{"self":[{"href":"https:\/\/westgem.shop\/fr\/wp-json\/wp\/v2\/product\/1065","targetHints":{"allow":["GET"]}}],"collection":[{"href":"https:\/\/westgem.shop\/fr\/wp-json\/wp\/v2\/product"}],"about":[{"href":"https:\/\/westgem.shop\/fr\/wp-json\/wp\/v2\/types\/product"}],"wp:featuredmedia":[{"embeddable":true,"href":"https:\/\/westgem.shop\/fr\/wp-json\/wp\/v2\/media\/1066"}],"wp:attachment":[{"href":"https:\/\/westgem.shop\/fr\/wp-json\/wp\/v2\/media?parent=1065"}],"wp:term":[{"taxonomy":"region","embeddable":true,"href":"https:\/\/westgem.shop\/fr\/wp-json\/wp\/v2\/region?post=1065"},{"taxonomy":"product_brand","embeddable":true,"href":"https:\/\/westgem.shop\/fr\/wp-json\/wp\/v2\/product_brand?post=1065"},{"taxonomy":"product_cat","embeddable":true,"href":"https:\/\/westgem.shop\/fr\/wp-json\/wp\/v2\/product_cat?post=1065"},{"taxonomy":"product_tag","embeddable":true,"href":"https:\/\/westgem.shop\/fr\/wp-json\/wp\/v2\/product_tag?post=1065"}],"curies":[{"name":"wp","href":"https:\/\/api.w.org\/{rel}","templated":true}]}}