{"id":10677,"date":"2021-03-10T07:08:14","date_gmt":"2021-03-10T07:08:14","guid":{"rendered":"https:\/\/westgem.shop\/?post_type=product&#038;p=10677"},"modified":"2022-01-01T16:21:41","modified_gmt":"2022-01-01T16:21:41","slug":"jade-noir-nephrite-poli-dun-cote","status":"publish","type":"product","link":"https:\/\/westgem.shop\/fr\/produit\/jade-noir-nephrite-poli-dun-cote\/","title":{"rendered":"Cowell South Australia - \"JADE noir \""},"content":{"rendered":"<p>NEPHRITE noire profonde - Plette polie - tr\u00e8s difficile \u00e0 obtenir .<\/p>\n<p>La NEPHRITE fait partie des min\u00e9raux JADE reconnus sur le plan min\u00e9ralogique, dont font partie la NEPHRITE, la JADEITE et le MAW SIT SIT.<\/p>\n<p>Avec cette<strong> noir JADE<\/strong> la couleur noire profonde est due \u00e0 une forte teneur en fer dans la roche de base.<\/p>\n<p>Cette vari\u00e9t\u00e9, la meilleure au monde, a \u00e9t\u00e9 trouv\u00e9e \u00e0 Cowell, en Australie du Sud.<\/p>\n<p>Poids : 236 g Dim. : 20 x 12 x 0,5 cm<\/p>\n<p><em><strong>TOP PRIX !<\/strong><\/em><\/p>\n<p>&nbsp;<\/p>","protected":false},"excerpt":{"rendered":"<p>NEPHRITE noire profonde - Plette polie - tr\u00e8s difficile \u00e0 obtenir . La NEPHRITE fait partie des min\u00e9raux JADE reconnus sur le plan min\u00e9ralogique, dont font partie la NEPHRITE, la JADEIT et le MAW SIT SIT La couleur noire profonde de cette JADE noire est due \u00e0 une forte teneur en fer dans la roche m\u00e8re. Cette vari\u00e9t\u00e9, la meilleure au monde, a \u00e9t\u00e9 trouv\u00e9e \u00e0 Cowell - South Australia Poids : 236 g [...].<\/p>","protected":false},"featured_media":10647,"template":"","meta":{"_acf_changed":false},"region":[],"product_brand":[],"product_cat":[18],"product_tag":[],"class_list":{"0":"post-10677","1":"product","2":"type-product","3":"status-publish","4":"has-post-thumbnail","6":"product_cat-geschliffene-einzelstucke","8":"first","9":"outofstock","10":"sold-individually","11":"taxable","12":"shipping-taxable","13":"purchasable","14":"product-type-simple"},"acf":[],"_links":{"self":[{"href":"https:\/\/westgem.shop\/fr\/wp-json\/wp\/v2\/product\/10677","targetHints":{"allow":["GET"]}}],"collection":[{"href":"https:\/\/westgem.shop\/fr\/wp-json\/wp\/v2\/product"}],"about":[{"href":"https:\/\/westgem.shop\/fr\/wp-json\/wp\/v2\/types\/product"}],"wp:featuredmedia":[{"embeddable":true,"href":"https:\/\/westgem.shop\/fr\/wp-json\/wp\/v2\/media\/10647"}],"wp:attachment":[{"href":"https:\/\/westgem.shop\/fr\/wp-json\/wp\/v2\/media?parent=10677"}],"wp:term":[{"taxonomy":"region","embeddable":true,"href":"https:\/\/westgem.shop\/fr\/wp-json\/wp\/v2\/region?post=10677"},{"taxonomy":"product_brand","embeddable":true,"href":"https:\/\/westgem.shop\/fr\/wp-json\/wp\/v2\/product_brand?post=10677"},{"taxonomy":"product_cat","embeddable":true,"href":"https:\/\/westgem.shop\/fr\/wp-json\/wp\/v2\/product_cat?post=10677"},{"taxonomy":"product_tag","embeddable":true,"href":"https:\/\/westgem.shop\/fr\/wp-json\/wp\/v2\/product_tag?post=10677"}],"curies":[{"name":"wp","href":"https:\/\/api.w.org\/{rel}","templated":true}]}}