{"id":10678,"date":"2021-03-09T10:54:40","date_gmt":"2021-03-09T10:54:40","guid":{"rendered":"https:\/\/westgem.shop\/?post_type=product&#038;p=10678"},"modified":"2021-08-08T06:23:33","modified_gmt":"2021-08-08T06:23:33","slug":"agate-polie-dun-cote","status":"publish","type":"product","link":"https:\/\/westgem.shop\/fr\/produit\/agate-polie-dun-cote\/","title":{"rendered":"Agate - polie d'un c\u00f4t\u00e9"},"content":{"rendered":"<p>Tr\u00e8s belle et inhabituelle nature ACHAT, sci\u00e9e et polie d'un c\u00f4t\u00e9<\/p>\n<p>Pi\u00e8ce attrayante provenant d'un ancien stock.<\/p>\n<p>La derni\u00e8re photo montre la face inf\u00e9rieure non polie<\/p>\n<p>Le tubercule d'agate brute a \u00e9t\u00e9 trouv\u00e9 dans le Rio Grande do Sul au Br\u00e9sil.<\/p>\n<p>Poids : 506 g Dim. : 15 x 10 x 3 cm<\/p>\n<p>&nbsp;<\/p>","protected":false},"excerpt":{"rendered":"<p>Tr\u00e8s belle et inhabituelle agate naturelle, sci\u00e9e et polie d'un c\u00f4t\u00e9 Pi\u00e8ce attrayante provenant d'un ancien stock. La derni\u00e8re photo montre la face inf\u00e9rieure non polie L'agate brute a \u00e9t\u00e9 trouv\u00e9e dans le Rio Grande do Sul au Br\u00e9sil Poids : 506 g Dim. : 15 x 10 x 3 cm &nbsp;<\/p>","protected":false},"featured_media":10660,"template":"","meta":{"_acf_changed":false},"region":[],"product_brand":[],"product_cat":[18],"product_tag":[],"class_list":{"0":"post-10678","1":"product","2":"type-product","3":"status-publish","4":"has-post-thumbnail","6":"product_cat-geschliffene-einzelstucke","8":"first","9":"outofstock","10":"sold-individually","11":"taxable","12":"shipping-taxable","13":"product-type-simple"},"acf":[],"_links":{"self":[{"href":"https:\/\/westgem.shop\/fr\/wp-json\/wp\/v2\/product\/10678","targetHints":{"allow":["GET"]}}],"collection":[{"href":"https:\/\/westgem.shop\/fr\/wp-json\/wp\/v2\/product"}],"about":[{"href":"https:\/\/westgem.shop\/fr\/wp-json\/wp\/v2\/types\/product"}],"wp:featuredmedia":[{"embeddable":true,"href":"https:\/\/westgem.shop\/fr\/wp-json\/wp\/v2\/media\/10660"}],"wp:attachment":[{"href":"https:\/\/westgem.shop\/fr\/wp-json\/wp\/v2\/media?parent=10678"}],"wp:term":[{"taxonomy":"region","embeddable":true,"href":"https:\/\/westgem.shop\/fr\/wp-json\/wp\/v2\/region?post=10678"},{"taxonomy":"product_brand","embeddable":true,"href":"https:\/\/westgem.shop\/fr\/wp-json\/wp\/v2\/product_brand?post=10678"},{"taxonomy":"product_cat","embeddable":true,"href":"https:\/\/westgem.shop\/fr\/wp-json\/wp\/v2\/product_cat?post=10678"},{"taxonomy":"product_tag","embeddable":true,"href":"https:\/\/westgem.shop\/fr\/wp-json\/wp\/v2\/product_tag?post=10678"}],"curies":[{"name":"wp","href":"https:\/\/api.w.org\/{rel}","templated":true}]}}