{"id":10696,"date":"2022-07-09T08:00:29","date_gmt":"2022-07-09T08:00:29","guid":{"rendered":"https:\/\/westgem.shop\/?post_type=product&#038;p=10696"},"modified":"2022-08-19T12:44:49","modified_gmt":"2022-08-19T12:44:49","slug":"top-bleu-fluorite-xx","status":"publish","type":"product","link":"https:\/\/westgem.shop\/fr\/produit\/top-bleu-fluorite-xx\/","title":{"rendered":"1A FLUORITxx - Nouveau Mexique \u00c9tats-Unis"},"content":{"rendered":"<p><strong>Pi\u00e8ce de premi\u00e8re classe avec de magnifiques xx bleus<\/strong> d'un site c\u00e9l\u00e8bre.<\/p>\n<p>&nbsp;<\/p>\n<p><strong>Principalement des cristaux cubiques avec de superbes couleurs et de nombreux QUARZ xx brillants<\/strong><\/p>\n<p><strong>Ces marches proviennent de d\u00e9couvertes faites dans les ann\u00e9es 1990 - Aujourd'hui, il n'y a presque plus de mat\u00e9riel disponible de cette qualit\u00e9 !!!<\/strong><\/p>\n<p>&nbsp;<\/p>\n<p><strong>Mine de Blanchard - Socorro Co. - Hansonburg - Bingham - Nouveau Mexique - USA<\/strong><\/p>\n<p>poids : 610 g<\/p>\n<p>Dim :<strong> 14 x 8 x 6 cm<\/strong><\/p>\n<p><strong>TOP niveau de fluorite \u00e0 un super prix !<\/strong><\/p>\n<p>&nbsp;<\/p>","protected":false},"excerpt":{"rendered":"<p>Pi\u00e8ce de premi\u00e8re classe avec de magnifiques xx bleus provenant d'un site c\u00e9l\u00e8bre.   Principalement des cristaux cubiques avec une superbe couleur et beaucoup de QUARZ xx brillants Ces niveaux proviennent de trouvailles des ann\u00e9es 1990 - Aujourd'hui, presque plus aucun mat\u00e9riau de cette qualit\u00e9 n'est disponible. !!   Mine de Blanchard - Socorro Co. - Hansonburg - Bingham - Nouveau Mexique [...]<\/p>","protected":false},"featured_media":19338,"template":"","meta":{"_acf_changed":false},"region":[61],"product_brand":[],"product_cat":[19],"product_tag":[],"class_list":{"0":"post-10696","1":"product","2":"type-product","3":"status-publish","4":"has-post-thumbnail","6":"region-nordamerika","7":"product_cat-kristallstufen","9":"first","10":"instock","11":"sold-individually","12":"taxable","13":"shipping-taxable","14":"purchasable","15":"product-type-simple"},"acf":[],"_links":{"self":[{"href":"https:\/\/westgem.shop\/fr\/wp-json\/wp\/v2\/product\/10696","targetHints":{"allow":["GET"]}}],"collection":[{"href":"https:\/\/westgem.shop\/fr\/wp-json\/wp\/v2\/product"}],"about":[{"href":"https:\/\/westgem.shop\/fr\/wp-json\/wp\/v2\/types\/product"}],"wp:featuredmedia":[{"embeddable":true,"href":"https:\/\/westgem.shop\/fr\/wp-json\/wp\/v2\/media\/19338"}],"wp:attachment":[{"href":"https:\/\/westgem.shop\/fr\/wp-json\/wp\/v2\/media?parent=10696"}],"wp:term":[{"taxonomy":"region","embeddable":true,"href":"https:\/\/westgem.shop\/fr\/wp-json\/wp\/v2\/region?post=10696"},{"taxonomy":"product_brand","embeddable":true,"href":"https:\/\/westgem.shop\/fr\/wp-json\/wp\/v2\/product_brand?post=10696"},{"taxonomy":"product_cat","embeddable":true,"href":"https:\/\/westgem.shop\/fr\/wp-json\/wp\/v2\/product_cat?post=10696"},{"taxonomy":"product_tag","embeddable":true,"href":"https:\/\/westgem.shop\/fr\/wp-json\/wp\/v2\/product_tag?post=10696"}],"curies":[{"name":"wp","href":"https:\/\/api.w.org\/{rel}","templated":true}]}}