{"id":10697,"date":"2021-12-30T07:06:59","date_gmt":"2021-12-30T07:06:59","guid":{"rendered":"https:\/\/westgem.shop\/?post_type=product&#038;p=10697"},"modified":"2022-05-30T07:01:10","modified_gmt":"2022-05-30T07:01:10","slug":"pierre-brute-mookait-4","status":"publish","type":"product","link":"https:\/\/westgem.shop\/fr\/produit\/pierre-brute-mookait-4\/","title":{"rendered":"MOOKAIT"},"content":{"rendered":"<p><strong>La mooka\u00efte est un m\u00e9lange min\u00e9ral de PIERRE, de CHALCEDONE et d'OPALITE.<\/strong> avec de superbes couleurs<\/p>\n<p><strong>Son \u00e2ge a \u00e9t\u00e9 dat\u00e9 \u00e0 plus d'un milliard d'ann\u00e9es.<\/strong><\/p>\n<p>&nbsp;<\/p>\n<p><strong>La seule station au monde est Kennedy Ranges near Gascoyne Junction - Mooka Creek - West Australia<\/strong><\/p>\n<p>La signification de Mooka chez les Aborig\u00e8nes est \"running water\", ce qui fait r\u00e9f\u00e9rence \u00e0 plusieurs sources d'eau douce \u00e0 Mooka Creek.<\/p>\n<p>Pierre brute de premi\u00e8re qualit\u00e9 - \u00e9galement pour le traitement ult\u00e9rieur - taille - polissage ou bijoux.<\/p>\n<p>&nbsp;<\/p>\n<p><strong>Poids : 1,2 Kg\u00a0<\/strong><\/p>\n<p>Dim : 130 x 100 x 60<\/p>\n<p>&nbsp;<\/p>","protected":false},"excerpt":{"rendered":"<p>La mooka\u00efte est un m\u00e9lange min\u00e9ral de PIERRE, de CHALCEDONE et d'OPALITE aux couleurs magnifiques. Son \u00e2ge a \u00e9t\u00e9 dat\u00e9 de plus d'un milliard d'ann\u00e9es.   Le seul site au monde est Kennedy Ranges near Gascoyne Junction - Mooka Creek - West Australia La signification de Mooka chez les Aborig\u00e8nes est \"running water\", ce qui fait r\u00e9f\u00e9rence \u00e0 plusieurs sources d'eau douce [...].<\/p>","protected":false},"featured_media":10682,"template":"","meta":{"_acf_changed":false},"region":[56],"product_brand":[],"product_cat":[16],"product_tag":[],"class_list":{"0":"post-10697","1":"product","2":"type-product","3":"status-publish","4":"has-post-thumbnail","6":"region-australien","7":"product_cat-rohsteine","9":"first","10":"instock","11":"sold-individually","12":"taxable","13":"shipping-taxable","14":"purchasable","15":"product-type-simple"},"acf":[],"_links":{"self":[{"href":"https:\/\/westgem.shop\/fr\/wp-json\/wp\/v2\/product\/10697","targetHints":{"allow":["GET"]}}],"collection":[{"href":"https:\/\/westgem.shop\/fr\/wp-json\/wp\/v2\/product"}],"about":[{"href":"https:\/\/westgem.shop\/fr\/wp-json\/wp\/v2\/types\/product"}],"wp:featuredmedia":[{"embeddable":true,"href":"https:\/\/westgem.shop\/fr\/wp-json\/wp\/v2\/media\/10682"}],"wp:attachment":[{"href":"https:\/\/westgem.shop\/fr\/wp-json\/wp\/v2\/media?parent=10697"}],"wp:term":[{"taxonomy":"region","embeddable":true,"href":"https:\/\/westgem.shop\/fr\/wp-json\/wp\/v2\/region?post=10697"},{"taxonomy":"product_brand","embeddable":true,"href":"https:\/\/westgem.shop\/fr\/wp-json\/wp\/v2\/product_brand?post=10697"},{"taxonomy":"product_cat","embeddable":true,"href":"https:\/\/westgem.shop\/fr\/wp-json\/wp\/v2\/product_cat?post=10697"},{"taxonomy":"product_tag","embeddable":true,"href":"https:\/\/westgem.shop\/fr\/wp-json\/wp\/v2\/product_tag?post=10697"}],"curies":[{"name":"wp","href":"https:\/\/api.w.org\/{rel}","templated":true}]}}