{"id":10703,"date":"2021-12-12T07:03:57","date_gmt":"2021-12-12T07:03:57","guid":{"rendered":"https:\/\/westgem.shop\/?post_type=product&#038;p=10703"},"modified":"2022-04-01T10:28:54","modified_gmt":"2022-04-01T10:28:54","slug":"jacare-quartz-xx","status":"publish","type":"product","link":"https:\/\/westgem.shop\/fr\/produit\/jacare-quartz-xx\/","title":{"rendered":"Cristal de roche xx - Var. Jacar\u00e8 Quartz"},"content":{"rendered":"<p><strong>Jacare ou quartz crocodile<\/strong><\/p>\n<p>Vari\u00e9t\u00e9 QUARZ \"Elestial\" = c\u00e9leste ou \"tr\u00e9sor de la terre\".<\/p>\n<p>Cette v\u00e9ritable<strong> des pi\u00e8ces rarement vues<\/strong> sont<strong> multiples quartz de sceptre,<\/strong> qui ont grandi sur de plus grandes surfaces.<\/p>\n<p>Les plus petits xx ont des faces rhombo\u00e9driques align\u00e9es paralellement, qui rappellent alors de loin la peau des crocodiles.<\/p>\n<h3><strong>Surfaces cristallines tr\u00e8s brillantes<\/strong><\/h3>\n<p>Le lieu de d\u00e9couverte de ces marches l\u00e9g\u00e8rement enfum\u00e9es est la <strong>Mine de Macao - Sao Geraldo do Baixo<\/strong> - Br\u00e9sil<\/p>\n<p><strong>Poids : 2,3 Kg\u00a0<\/strong><\/p>\n<p>Dim : 200 x 140 x 90<\/p>\n<h3><strong>\u00a0SUPER PRIX ! !!<\/strong><\/h3>","protected":false},"excerpt":{"rendered":"<p>Jacare ou quartz crocodile QUARZ vari\u00e9t\u00e9 \"Elestial\" = c\u00e9leste ou \"tr\u00e9sor de la terre\" Ces pi\u00e8ces que l'on voit en fait rarement sont des quartz sceptres multiples qui ont pouss\u00e9 sur des surfaces plus grandes. Les plus petits xx ont des faces rhombo\u00e9driques orient\u00e9es parall\u00e8lement, qui rappellent alors de loin la peau des crocodiles. Surfaces cristallines brillantes Ces niveaux l\u00e9g\u00e8rement fum\u00e9s ont \u00e9t\u00e9 trouv\u00e9s dans la mine de Macao - [...].<\/p>","protected":false},"featured_media":10668,"template":"","meta":{"_acf_changed":false},"region":[60],"product_brand":[],"product_cat":[19],"product_tag":[],"class_list":{"0":"post-10703","1":"product","2":"type-product","3":"status-publish","4":"has-post-thumbnail","6":"region-suedamerika","7":"product_cat-kristallstufen","9":"first","10":"instock","11":"sold-individually","12":"taxable","13":"shipping-taxable","14":"purchasable","15":"product-type-simple"},"acf":[],"_links":{"self":[{"href":"https:\/\/westgem.shop\/fr\/wp-json\/wp\/v2\/product\/10703","targetHints":{"allow":["GET"]}}],"collection":[{"href":"https:\/\/westgem.shop\/fr\/wp-json\/wp\/v2\/product"}],"about":[{"href":"https:\/\/westgem.shop\/fr\/wp-json\/wp\/v2\/types\/product"}],"wp:featuredmedia":[{"embeddable":true,"href":"https:\/\/westgem.shop\/fr\/wp-json\/wp\/v2\/media\/10668"}],"wp:attachment":[{"href":"https:\/\/westgem.shop\/fr\/wp-json\/wp\/v2\/media?parent=10703"}],"wp:term":[{"taxonomy":"region","embeddable":true,"href":"https:\/\/westgem.shop\/fr\/wp-json\/wp\/v2\/region?post=10703"},{"taxonomy":"product_brand","embeddable":true,"href":"https:\/\/westgem.shop\/fr\/wp-json\/wp\/v2\/product_brand?post=10703"},{"taxonomy":"product_cat","embeddable":true,"href":"https:\/\/westgem.shop\/fr\/wp-json\/wp\/v2\/product_cat?post=10703"},{"taxonomy":"product_tag","embeddable":true,"href":"https:\/\/westgem.shop\/fr\/wp-json\/wp\/v2\/product_tag?post=10703"}],"curies":[{"name":"wp","href":"https:\/\/api.w.org\/{rel}","templated":true}]}}