{"id":10732,"date":"2021-03-10T12:32:51","date_gmt":"2021-03-10T12:32:51","guid":{"rendered":"https:\/\/westgem.shop\/?post_type=product&#038;p=10732"},"modified":"2021-09-17T05:28:23","modified_gmt":"2021-09-17T05:28:23","slug":"picasso-marbre-pierre-brute","status":"publish","type":"product","link":"https:\/\/westgem.shop\/fr\/produit\/picasso-marbre-pierre-brute\/","title":{"rendered":"Marbre brut Picasso"},"content":{"rendered":"<p>Mat\u00e9riau tr\u00e8s attrayant - id\u00e9al pour le pon\u00e7age et le polissage.<\/p>\n<p>Calcaire m\u00e9tamorphique - Marbre dolomitique<\/p>\n<p>Lignes et motifs noirs d'oxydes de fer<\/p>\n<p>localisation de la trouvaille : Mineral Mountains - Beaver Co. - Utah - USA<\/p>\n<p>Poids : 968 g Dim : 16 x 7 x 2,5 cm<\/p>","protected":false},"excerpt":{"rendered":"<p>Mat\u00e9riau tr\u00e8s attrayant - id\u00e9al pour le pon\u00e7age et le polissage. Calcaire m\u00e9tamorphique - marbre dolomitique Lignes noires et motifs d'oxydes de fer Lieu de d\u00e9couverte : Mineral Mountains - Beaver Co. - Utah - USA Poids : 968 g Dim. : 16 x 7 x 2,5 cm<\/p>","protected":false},"featured_media":10739,"template":"","meta":{"_acf_changed":false},"region":[61],"product_brand":[],"product_cat":[16],"product_tag":[],"class_list":{"0":"post-10732","1":"product","2":"type-product","3":"status-publish","4":"has-post-thumbnail","6":"region-nordamerika","7":"product_cat-rohsteine","9":"first","10":"outofstock","11":"sold-individually","12":"taxable","13":"shipping-taxable","14":"purchasable","15":"product-type-simple"},"acf":[],"_links":{"self":[{"href":"https:\/\/westgem.shop\/fr\/wp-json\/wp\/v2\/product\/10732","targetHints":{"allow":["GET"]}}],"collection":[{"href":"https:\/\/westgem.shop\/fr\/wp-json\/wp\/v2\/product"}],"about":[{"href":"https:\/\/westgem.shop\/fr\/wp-json\/wp\/v2\/types\/product"}],"wp:featuredmedia":[{"embeddable":true,"href":"https:\/\/westgem.shop\/fr\/wp-json\/wp\/v2\/media\/10739"}],"wp:attachment":[{"href":"https:\/\/westgem.shop\/fr\/wp-json\/wp\/v2\/media?parent=10732"}],"wp:term":[{"taxonomy":"region","embeddable":true,"href":"https:\/\/westgem.shop\/fr\/wp-json\/wp\/v2\/region?post=10732"},{"taxonomy":"product_brand","embeddable":true,"href":"https:\/\/westgem.shop\/fr\/wp-json\/wp\/v2\/product_brand?post=10732"},{"taxonomy":"product_cat","embeddable":true,"href":"https:\/\/westgem.shop\/fr\/wp-json\/wp\/v2\/product_cat?post=10732"},{"taxonomy":"product_tag","embeddable":true,"href":"https:\/\/westgem.shop\/fr\/wp-json\/wp\/v2\/product_tag?post=10732"}],"curies":[{"name":"wp","href":"https:\/\/api.w.org\/{rel}","templated":true}]}}