{"id":10743,"date":"2021-12-31T09:23:24","date_gmt":"2021-12-31T09:23:24","guid":{"rendered":"https:\/\/westgem.shop\/?post_type=product&#038;p=10743"},"modified":"2022-06-07T15:20:47","modified_gmt":"2022-06-07T15:20:47","slug":"jade-siberien-nephrite-taille","status":"publish","type":"product","link":"https:\/\/westgem.shop\/fr\/produit\/jade-siberien-nephrite-taille\/","title":{"rendered":"V\u00e9ritable JADE vert"},"content":{"rendered":"<p><strong>\u00a0NEPHRIT<\/strong><\/p>\n<p><strong>Les VRAIS min\u00e9raux de JADE comprennent UNIQUEMENT :<\/strong><\/p>\n<p><strong>JADEIT - NEPHRIT et MAW SIT SIT.<\/strong><\/p>\n<p><strong>Pierre brute de n\u00e9phrite<\/strong> - coup\u00e9 d'un c\u00f4t\u00e9, bords l\u00e9g\u00e8rement translucides<\/p>\n<p>La derni\u00e8re image montre le dos brut<\/p>\n<p><strong>localisation de la trouvaille : Rivi\u00e8re Onat - R\u00e9gion Ba\u00efkal - Sib\u00e9rie centrale\u00a0<\/strong><\/p>\n<p>poids : 601 g<\/p>\n<p>Dim<strong>. : 19 x 12 x 2 cm<\/strong><\/p>","protected":false},"excerpt":{"rendered":"<p>\u00a0NEPHRITE Parmi les VRAIS min\u00e9raux de JADE, on compte UNIQUEMENT : JADEITE - NEPHRITE et MAW SIT SIT. Pierre brute de n\u00e9phrite - coup\u00e9e sur une face, bords l\u00e9g\u00e8rement translucides La derni\u00e8re photo montre le dos brut Lieu de d\u00e9couverte : Rivi\u00e8re Onat - R\u00e9gion Ba\u00efkal - Sib\u00e9rie centrale Poids : 601 g Dim. : 19 x 12 x 2 cm<\/p>","protected":false},"featured_media":10746,"template":"","meta":{"_acf_changed":false},"region":[57],"product_brand":[],"product_cat":[18],"product_tag":[],"class_list":{"0":"post-10743","1":"product","2":"type-product","3":"status-publish","4":"has-post-thumbnail","6":"region-asien","7":"product_cat-geschliffene-einzelstucke","9":"first","10":"outofstock","11":"sold-individually","12":"taxable","13":"shipping-taxable","14":"purchasable","15":"product-type-simple"},"acf":[],"_links":{"self":[{"href":"https:\/\/westgem.shop\/fr\/wp-json\/wp\/v2\/product\/10743","targetHints":{"allow":["GET"]}}],"collection":[{"href":"https:\/\/westgem.shop\/fr\/wp-json\/wp\/v2\/product"}],"about":[{"href":"https:\/\/westgem.shop\/fr\/wp-json\/wp\/v2\/types\/product"}],"wp:featuredmedia":[{"embeddable":true,"href":"https:\/\/westgem.shop\/fr\/wp-json\/wp\/v2\/media\/10746"}],"wp:attachment":[{"href":"https:\/\/westgem.shop\/fr\/wp-json\/wp\/v2\/media?parent=10743"}],"wp:term":[{"taxonomy":"region","embeddable":true,"href":"https:\/\/westgem.shop\/fr\/wp-json\/wp\/v2\/region?post=10743"},{"taxonomy":"product_brand","embeddable":true,"href":"https:\/\/westgem.shop\/fr\/wp-json\/wp\/v2\/product_brand?post=10743"},{"taxonomy":"product_cat","embeddable":true,"href":"https:\/\/westgem.shop\/fr\/wp-json\/wp\/v2\/product_cat?post=10743"},{"taxonomy":"product_tag","embeddable":true,"href":"https:\/\/westgem.shop\/fr\/wp-json\/wp\/v2\/product_tag?post=10743"}],"curies":[{"name":"wp","href":"https:\/\/api.w.org\/{rel}","templated":true}]}}