{"id":10752,"date":"2021-03-11T10:53:05","date_gmt":"2021-03-11T10:53:05","guid":{"rendered":"https:\/\/westgem.shop\/?post_type=product&#038;p=10752"},"modified":"2021-09-17T05:28:23","modified_gmt":"2021-09-17T05:28:23","slug":"beryl-bleu-var-aquarmarine-dans-quartz","status":"publish","type":"product","link":"https:\/\/westgem.shop\/fr\/produit\/beryl-bleu-var-aquarmarine-dans-quartz\/","title":{"rendered":"Rio Grande do Norte - B\u00e9ryl bleu en quartz"},"content":{"rendered":"<p>De l'ancienne collection<\/p>\n<p>Grand b\u00e9ryl bleu var. AQUAMARIN - en QUARTZ blanc<\/p>\n<p>D\u00e9co Grande marche<\/p>\n<p>localisation de la trouvaille : Rio Grande do Norte - District Minerale Barbarema - Br\u00e9sil<\/p>\n<p><strong>Poids : 2,2 kg 'Dim. : 17 x 11 x 8 cm<\/strong><\/p>\n<p>On voyait souvent de telles pi\u00e8ces il y a 30 ans - depuis, plus vraiment.<\/p>\n<p>Si vous \u00eates \u00e0 la recherche d'une telle pi\u00e8ce, c'est une opportunit\u00e9 \u00e0 un prix imbattable.<\/p>\n<p><strong>Super PRIX SPECIAL ! !!<\/strong>!<\/p>","protected":false},"excerpt":{"rendered":"<p>De l'ancienne collection Grand b\u00e9ryl bleu Var. AQUAMARIN - dans un QUARZ blanc D\u00e9co Grand niveau Lieu de d\u00e9couverte : Rio Grande do Norte - District Minerale Barbarema - Brazil Poids : 2,2 Kg 'Dim. : 17 x 11 x 8 cm De telles pi\u00e8ces \u00e9taient souvent visibles il y a 30 ans - en fait plus depuis. Celui qui veut acheter un tel [...]<\/p>","protected":false},"featured_media":10753,"template":"","meta":{"_acf_changed":false},"region":[60],"product_brand":[],"product_cat":[19],"product_tag":[],"class_list":{"0":"post-10752","1":"product","2":"type-product","3":"status-publish","4":"has-post-thumbnail","6":"region-suedamerika","7":"product_cat-kristallstufen","9":"first","10":"instock","11":"sold-individually","12":"taxable","13":"shipping-taxable","14":"purchasable","15":"product-type-simple"},"acf":[],"_links":{"self":[{"href":"https:\/\/westgem.shop\/fr\/wp-json\/wp\/v2\/product\/10752","targetHints":{"allow":["GET"]}}],"collection":[{"href":"https:\/\/westgem.shop\/fr\/wp-json\/wp\/v2\/product"}],"about":[{"href":"https:\/\/westgem.shop\/fr\/wp-json\/wp\/v2\/types\/product"}],"wp:featuredmedia":[{"embeddable":true,"href":"https:\/\/westgem.shop\/fr\/wp-json\/wp\/v2\/media\/10753"}],"wp:attachment":[{"href":"https:\/\/westgem.shop\/fr\/wp-json\/wp\/v2\/media?parent=10752"}],"wp:term":[{"taxonomy":"region","embeddable":true,"href":"https:\/\/westgem.shop\/fr\/wp-json\/wp\/v2\/region?post=10752"},{"taxonomy":"product_brand","embeddable":true,"href":"https:\/\/westgem.shop\/fr\/wp-json\/wp\/v2\/product_brand?post=10752"},{"taxonomy":"product_cat","embeddable":true,"href":"https:\/\/westgem.shop\/fr\/wp-json\/wp\/v2\/product_cat?post=10752"},{"taxonomy":"product_tag","embeddable":true,"href":"https:\/\/westgem.shop\/fr\/wp-json\/wp\/v2\/product_tag?post=10752"}],"curies":[{"name":"wp","href":"https:\/\/api.w.org\/{rel}","templated":true}]}}