{"id":10759,"date":"2021-12-10T10:58:05","date_gmt":"2021-12-10T10:58:05","guid":{"rendered":"https:\/\/westgem.shop\/?post_type=product&#038;p=10759"},"modified":"2022-01-11T07:41:54","modified_gmt":"2022-01-11T07:41:54","slug":"quartz-xx-apres-calcite-avec-bournonite-xx","status":"publish","type":"product","link":"https:\/\/westgem.shop\/fr\/produit\/quartz-xx-apres-calcite-avec-bournonite-xx\/","title":{"rendered":"SP\u00c9CIAL QUARTZ- Maramures"},"content":{"rendered":"<p><strong>TOP niveau - rarement vu<\/strong><\/p>\n<p>Pi\u00e8ce provenant d'une ancienne collection.<\/p>\n<p><strong>QUARZ xx -pseudomorphose \u00e9lev\u00e9e apr\u00e8s CALCIT avec BOURNONITxx tr\u00e8s brillant (minerai de plomb) et PYRIT<\/strong><\/p>\n<p>La derni\u00e8re image montre le verso gris, le recto est blanc.<\/p>\n<p>Lieu de d\u00e9couverte :<strong> Mine de Boldut - Maramures - Carpates - Roumanie<\/strong><\/p>\n<p>poids :<strong> 1,2 kg Dim : 19 x 13 x 10 cm<\/strong><\/p>\n<p><strong>PRIX SP\u00c9CIAL !<\/strong><\/p>","protected":false},"excerpt":{"rendered":"<p>TOP niveau - rarement vu. Pi\u00e8ce provenant d'une ancienne collection. QUARZ xx -pseudomorphose \u00e9lev\u00e9e apr\u00e8s CALCIT avec BOURNONITxx tr\u00e8s brillant (plomb en brochette) et PYRIT La derni\u00e8re photo montre le verso gris, le recto est blanc. Lieu de d\u00e9couverte : Mine de Boldut - Maramures - Carpates - Roumanie Poids : 1,2 Kg Dim. : 19 x 13 x 10 cm SP\u00c9CIAL [...]<\/p>","protected":false},"featured_media":10760,"template":"","meta":{"_acf_changed":false},"region":[58],"product_brand":[],"product_cat":[19],"product_tag":[],"class_list":{"0":"post-10759","1":"product","2":"type-product","3":"status-publish","4":"has-post-thumbnail","6":"region-europa","7":"product_cat-kristallstufen","9":"first","10":"instock","11":"sold-individually","12":"taxable","13":"shipping-taxable","14":"purchasable","15":"product-type-simple"},"acf":[],"_links":{"self":[{"href":"https:\/\/westgem.shop\/fr\/wp-json\/wp\/v2\/product\/10759","targetHints":{"allow":["GET"]}}],"collection":[{"href":"https:\/\/westgem.shop\/fr\/wp-json\/wp\/v2\/product"}],"about":[{"href":"https:\/\/westgem.shop\/fr\/wp-json\/wp\/v2\/types\/product"}],"wp:featuredmedia":[{"embeddable":true,"href":"https:\/\/westgem.shop\/fr\/wp-json\/wp\/v2\/media\/10760"}],"wp:attachment":[{"href":"https:\/\/westgem.shop\/fr\/wp-json\/wp\/v2\/media?parent=10759"}],"wp:term":[{"taxonomy":"region","embeddable":true,"href":"https:\/\/westgem.shop\/fr\/wp-json\/wp\/v2\/region?post=10759"},{"taxonomy":"product_brand","embeddable":true,"href":"https:\/\/westgem.shop\/fr\/wp-json\/wp\/v2\/product_brand?post=10759"},{"taxonomy":"product_cat","embeddable":true,"href":"https:\/\/westgem.shop\/fr\/wp-json\/wp\/v2\/product_cat?post=10759"},{"taxonomy":"product_tag","embeddable":true,"href":"https:\/\/westgem.shop\/fr\/wp-json\/wp\/v2\/product_tag?post=10759"}],"curies":[{"name":"wp","href":"https:\/\/api.w.org\/{rel}","templated":true}]}}