{"id":1076,"date":"2000-07-15T00:00:00","date_gmt":"2000-07-15T00:00:00","guid":{"rendered":"https:\/\/miners.rocks\/product\/254\/"},"modified":"2020-05-19T16:56:42","modified_gmt":"2020-05-19T16:56:42","slug":"cristaux-de-roche-rouges-xx","status":"publish","type":"product","link":"https:\/\/westgem.shop\/fr\/produit\/cristaux-de-roche-rouges-xx\/","title":{"rendered":"CRISTALE ROUGE DE MONTAGNE xx"},"content":{"rendered":"<p>Fascinantes marches en CRISTAL DE MONTAGNE ROUGE - tr\u00e8s rares \u00e0 voir.<\/p>\n<p>La couleur ROUGE provient de l'OXYDE DE FER qui a \u00e9t\u00e9 enferm\u00e9 dans le cristal lors de la croissance du quartz.<\/p>\n<p> Une telle pi\u00e8ce ne devrait en fait manquer dans aucune collection.<\/p>\n<p>Poids : 380g Dimensions : 11,5 x 9 x 5 cm<\/p>\n<p>Vous trouverez d'autres CRISTAL DE MONTAGNE ROUGE dans la cat\u00e9gorie<\/p>\n<p>MIN\u00c9RAUX D'AFRIQUE<\/p>","protected":false},"excerpt":{"rendered":"<p>Fascinantes marches en CRISTAL DE MONTAGNE ROUGE - tr\u00e8s rares \u00e0 voir. La couleur rouge provient de l'OXYDE DE FER qui a \u00e9t\u00e9 enferm\u00e9 dans le cristal lors de la croissance du quartz. Une telle pi\u00e8ce ne devrait manquer dans aucune collection. Poids : 380g Dimensions : 11,5 x 9 x 5 cm Vous trouverez d'autres marches en CRISTAL DE MONTAGNE ROUGE dans la cat\u00e9gorie MIN\u00c9RAUX D'AFRIQUE.<\/p>","protected":false},"featured_media":1077,"template":"","meta":{"_acf_changed":false},"region":[],"product_brand":[],"product_cat":[15],"product_tag":[],"class_list":{"0":"post-1076","1":"product","2":"type-product","3":"status-publish","4":"has-post-thumbnail","6":"product_cat-mineralien","8":"first","9":"outofstock","10":"sold-individually","11":"product-type-simple"},"acf":[],"_links":{"self":[{"href":"https:\/\/westgem.shop\/fr\/wp-json\/wp\/v2\/product\/1076","targetHints":{"allow":["GET"]}}],"collection":[{"href":"https:\/\/westgem.shop\/fr\/wp-json\/wp\/v2\/product"}],"about":[{"href":"https:\/\/westgem.shop\/fr\/wp-json\/wp\/v2\/types\/product"}],"wp:featuredmedia":[{"embeddable":true,"href":"https:\/\/westgem.shop\/fr\/wp-json\/wp\/v2\/media\/1077"}],"wp:attachment":[{"href":"https:\/\/westgem.shop\/fr\/wp-json\/wp\/v2\/media?parent=1076"}],"wp:term":[{"taxonomy":"region","embeddable":true,"href":"https:\/\/westgem.shop\/fr\/wp-json\/wp\/v2\/region?post=1076"},{"taxonomy":"product_brand","embeddable":true,"href":"https:\/\/westgem.shop\/fr\/wp-json\/wp\/v2\/product_brand?post=1076"},{"taxonomy":"product_cat","embeddable":true,"href":"https:\/\/westgem.shop\/fr\/wp-json\/wp\/v2\/product_cat?post=1076"},{"taxonomy":"product_tag","embeddable":true,"href":"https:\/\/westgem.shop\/fr\/wp-json\/wp\/v2\/product_tag?post=1076"}],"curies":[{"name":"wp","href":"https:\/\/api.w.org\/{rel}","templated":true}]}}