{"id":10772,"date":"2021-09-20T11:20:16","date_gmt":"2021-09-20T11:20:16","guid":{"rendered":"https:\/\/westgem.shop\/?post_type=product&#038;p=10772"},"modified":"2021-11-13T10:00:00","modified_gmt":"2021-11-13T10:00:00","slug":"rhodonite","status":"publish","type":"product","link":"https:\/\/westgem.shop\/fr\/produit\/rhodonite\/","title":{"rendered":"Rhodonite - Franklin\/USA"},"content":{"rendered":"<p><strong>Premi\u00e8re classe RHODONIT<\/strong><\/p>\n<p><strong>- plaque polie sur les deux faces avec \u00e9corce noire de mangan\u00e8se<\/strong><\/p>\n<p>&nbsp;<\/p>\n<p>Lieu de d\u00e9couverte de la mati\u00e8re premi\u00e8re : <strong>Mine Franklin - Sussex Co. New Jersey - USA<\/strong><\/p>\n<p>poids : 354 g<\/p>\n<p>Dim : 14 x 10 x 0,5 cm<\/p>","protected":false},"excerpt":{"rendered":"<p>RHODONITE de premi\u00e8re classe - plaque polie sur les deux faces avec \u00e9corce de mangan\u00e8se noir Lieu de d\u00e9couverte de la mati\u00e8re premi\u00e8re : Franklin Mine - Sussex Co. New Jersey - USA Poids : 354 g Dim. : 14 x 10 x 0,5 cm<\/p>","protected":false},"featured_media":10777,"template":"","meta":{"_acf_changed":false},"region":[61],"product_brand":[],"product_cat":[18],"product_tag":[],"class_list":{"0":"post-10772","1":"product","2":"type-product","3":"status-publish","4":"has-post-thumbnail","6":"region-nordamerika","7":"product_cat-geschliffene-einzelstucke","9":"first","10":"instock","11":"sold-individually","12":"taxable","13":"shipping-taxable","14":"purchasable","15":"product-type-simple"},"acf":[],"_links":{"self":[{"href":"https:\/\/westgem.shop\/fr\/wp-json\/wp\/v2\/product\/10772","targetHints":{"allow":["GET"]}}],"collection":[{"href":"https:\/\/westgem.shop\/fr\/wp-json\/wp\/v2\/product"}],"about":[{"href":"https:\/\/westgem.shop\/fr\/wp-json\/wp\/v2\/types\/product"}],"wp:featuredmedia":[{"embeddable":true,"href":"https:\/\/westgem.shop\/fr\/wp-json\/wp\/v2\/media\/10777"}],"wp:attachment":[{"href":"https:\/\/westgem.shop\/fr\/wp-json\/wp\/v2\/media?parent=10772"}],"wp:term":[{"taxonomy":"region","embeddable":true,"href":"https:\/\/westgem.shop\/fr\/wp-json\/wp\/v2\/region?post=10772"},{"taxonomy":"product_brand","embeddable":true,"href":"https:\/\/westgem.shop\/fr\/wp-json\/wp\/v2\/product_brand?post=10772"},{"taxonomy":"product_cat","embeddable":true,"href":"https:\/\/westgem.shop\/fr\/wp-json\/wp\/v2\/product_cat?post=10772"},{"taxonomy":"product_tag","embeddable":true,"href":"https:\/\/westgem.shop\/fr\/wp-json\/wp\/v2\/product_tag?post=10772"}],"curies":[{"name":"wp","href":"https:\/\/api.w.org\/{rel}","templated":true}]}}