{"id":10779,"date":"2021-10-20T11:57:24","date_gmt":"2021-10-20T11:57:24","guid":{"rendered":"https:\/\/westgem.shop\/?post_type=product&#038;p=10779"},"modified":"2022-03-31T07:00:30","modified_gmt":"2022-03-31T07:00:30","slug":"chevron-amtheyst-poli-des-deux-cotes","status":"publish","type":"product","link":"https:\/\/westgem.shop\/fr\/produit\/chevron-amtheyst-poli-des-deux-cotes\/","title":{"rendered":"TOP quartz am\u00e9thyste - poli des deux c\u00f4t\u00e9s"},"content":{"rendered":"<p>Grand DEKO de premi\u00e8re classe - plaque polie<\/p>\n<p><strong>Quartz am\u00e9thyste Nom commercial : CHEVRON AMETHYST<\/strong><\/p>\n<p>Lieu de d\u00e9couverte des pierres brutes : <strong>District de Kalomo - Zambie - Afrique<\/strong><\/p>\n<p>Poids : 1,1 kg Dim. : 21 x 18 x 1 cm<\/p>\n<p><strong>SOLDES Prix sp\u00e9cial<\/strong><\/p>","protected":false},"excerpt":{"rendered":"<p>Grande DECO de premi\u00e8re qualit\u00e9 - plaque polie Quartz am\u00e9thyste Nom commercial : CHEVRON AMETHYST Lieu de d\u00e9couverte des pierres brutes : Kalomo District - Zambie - Afrique Poids : 1,1 Kg Dim. : 21 x 18 x 1 cm SOLDE Prix sp\u00e9cial<\/p>","protected":false},"featured_media":10780,"template":"","meta":{"_acf_changed":false},"region":[62],"product_brand":[],"product_cat":[18],"product_tag":[],"class_list":{"0":"post-10779","1":"product","2":"type-product","3":"status-publish","4":"has-post-thumbnail","6":"region-afrika","7":"product_cat-geschliffene-einzelstucke","9":"first","10":"instock","11":"sale","12":"sold-individually","13":"taxable","14":"shipping-taxable","15":"purchasable","16":"product-type-simple"},"acf":[],"_links":{"self":[{"href":"https:\/\/westgem.shop\/fr\/wp-json\/wp\/v2\/product\/10779","targetHints":{"allow":["GET"]}}],"collection":[{"href":"https:\/\/westgem.shop\/fr\/wp-json\/wp\/v2\/product"}],"about":[{"href":"https:\/\/westgem.shop\/fr\/wp-json\/wp\/v2\/types\/product"}],"wp:featuredmedia":[{"embeddable":true,"href":"https:\/\/westgem.shop\/fr\/wp-json\/wp\/v2\/media\/10780"}],"wp:attachment":[{"href":"https:\/\/westgem.shop\/fr\/wp-json\/wp\/v2\/media?parent=10779"}],"wp:term":[{"taxonomy":"region","embeddable":true,"href":"https:\/\/westgem.shop\/fr\/wp-json\/wp\/v2\/region?post=10779"},{"taxonomy":"product_brand","embeddable":true,"href":"https:\/\/westgem.shop\/fr\/wp-json\/wp\/v2\/product_brand?post=10779"},{"taxonomy":"product_cat","embeddable":true,"href":"https:\/\/westgem.shop\/fr\/wp-json\/wp\/v2\/product_cat?post=10779"},{"taxonomy":"product_tag","embeddable":true,"href":"https:\/\/westgem.shop\/fr\/wp-json\/wp\/v2\/product_tag?post=10779"}],"curies":[{"name":"wp","href":"https:\/\/api.w.org\/{rel}","templated":true}]}}