{"id":1079,"date":"2000-07-16T00:00:00","date_gmt":"2000-07-16T00:00:00","guid":{"rendered":"https:\/\/miners.rocks\/product\/255\/"},"modified":"2020-05-19T16:56:42","modified_gmt":"2020-05-19T16:56:42","slug":"niveau-de-cristal-de-roche-rouge","status":"publish","type":"product","link":"https:\/\/westgem.shop\/fr\/produit\/niveau-de-cristal-de-roche-rouge\/","title":{"rendered":"NIVEAU DE CRISTAL DE ROCHE ROUGE"},"content":{"rendered":"<p>Nous avons attendu longtemps la livraison d'Afrique du Sud - maintenant VOUS \u00eates l\u00e0 - mais malheureusement seulement quelques pi\u00e8ces.<\/p>\n<p>CRISTAL DE MONTAGNE \u00e0 la couleur fascinante - rarement disponible avec des nuances de rouge aussi intenses. La couleur est due \u00e0 l'OXYDE DE FER \u00e0 l'int\u00e9rieur du cristal.<\/p>\n<p>Le lieu de d\u00e9couverte est l'ORANGE RIVER dans le sud de l'AFRIQUE, \u00e0 la fronti\u00e8re avec le NAMIBIA.<\/p>\n<p>Poids 420 g Dimensions : 9 x 8 x 4 cm<\/p>","protected":false},"excerpt":{"rendered":"<p>Nous avons longtemps attendu la livraison d'Afrique du Sud - maintenant VOUS \u00eates l\u00e0 - mais malheureusement seulement quelques pi\u00e8ces. CRISTAL DE MONTAGNE \u00e0 la couleur fascinante - rarement disponible avec des nuances de rouge aussi intenses. La couleur est due \u00e0 l'OXYDE DE FER \u00e0 l'int\u00e9rieur du cristal. Le lieu de d\u00e9couverte est l'ORANGE RIVER dans le sud de l'AFRIQUE, \u00e0 la fronti\u00e8re du NAMIBIA. Poids 420 g Dimensions : [...]<\/p>","protected":false},"featured_media":1080,"template":"","meta":{"_acf_changed":false},"region":[],"product_brand":[],"product_cat":[15],"product_tag":[],"class_list":{"0":"post-1079","1":"product","2":"type-product","3":"status-publish","4":"has-post-thumbnail","6":"product_cat-mineralien","8":"first","9":"outofstock","10":"sold-individually","11":"product-type-simple"},"acf":[],"_links":{"self":[{"href":"https:\/\/westgem.shop\/fr\/wp-json\/wp\/v2\/product\/1079","targetHints":{"allow":["GET"]}}],"collection":[{"href":"https:\/\/westgem.shop\/fr\/wp-json\/wp\/v2\/product"}],"about":[{"href":"https:\/\/westgem.shop\/fr\/wp-json\/wp\/v2\/types\/product"}],"wp:featuredmedia":[{"embeddable":true,"href":"https:\/\/westgem.shop\/fr\/wp-json\/wp\/v2\/media\/1080"}],"wp:attachment":[{"href":"https:\/\/westgem.shop\/fr\/wp-json\/wp\/v2\/media?parent=1079"}],"wp:term":[{"taxonomy":"region","embeddable":true,"href":"https:\/\/westgem.shop\/fr\/wp-json\/wp\/v2\/region?post=1079"},{"taxonomy":"product_brand","embeddable":true,"href":"https:\/\/westgem.shop\/fr\/wp-json\/wp\/v2\/product_brand?post=1079"},{"taxonomy":"product_cat","embeddable":true,"href":"https:\/\/westgem.shop\/fr\/wp-json\/wp\/v2\/product_cat?post=1079"},{"taxonomy":"product_tag","embeddable":true,"href":"https:\/\/westgem.shop\/fr\/wp-json\/wp\/v2\/product_tag?post=1079"}],"curies":[{"name":"wp","href":"https:\/\/api.w.org\/{rel}","templated":true}]}}