{"id":10795,"date":"2021-12-10T13:16:44","date_gmt":"2021-12-10T13:16:44","guid":{"rendered":"https:\/\/westgem.shop\/?post_type=product&#038;p=10795"},"modified":"2022-01-29T07:16:55","modified_gmt":"2022-01-29T07:16:55","slug":"pyrite-soleil","status":"publish","type":"product","link":"https:\/\/westgem.shop\/fr\/produit\/pyrite-soleil\/","title":{"rendered":"Pyrite soleil"},"content":{"rendered":"<p><strong>Formation de pyrite polycristalline, autour d'un noyau, croissance radiale.<\/strong><\/p>\n<p><strong>Formation de cavit\u00e9s et de fissures, par ex. dans les gisements de charbon<\/strong> &#8211;<strong> environ 250 millions d'ann\u00e9es<\/strong><\/p>\n<p>Plus il y a de soufre, plus la couleur est grise.<\/p>\n<p>Les soleils de pyrite aux beaux reflets dor\u00e9s sont g\u00e9n\u00e9ralement lav\u00e9s avec des acides.<\/p>\n<p>Lieu de d\u00e9couverte :<strong> Sparta - Illinois - \u00c9tats-Unis<\/strong><\/p>\n<p>Poids : 185 g Dim. : 11 x 8,5 cm<\/p>\n<p><strong>TOP PRIX\u00a0<\/strong><\/p>","protected":false},"excerpt":{"rendered":"<p>Formation de pyrite polycristalline, autour d'un noyau, croissance radiale. Formation de cavit\u00e9s et de fissures, par exemple dans les gisements de charbon - environ 250 millions d'ann\u00e9es. Plus il y a de soufre, plus la couleur est grise. Les soleils de pyrite aux beaux reflets dor\u00e9s sont g\u00e9n\u00e9ralement lav\u00e9s avec des acides. Lieu de d\u00e9couverte : Sparta - Illinois - USA Poids : 185 g Dim. : 11 x 8,5 cm TOP PRIX\u00a0<\/p>","protected":false},"featured_media":10798,"template":"","meta":{"_acf_changed":false},"region":[61],"product_brand":[],"product_cat":[16],"product_tag":[],"class_list":{"0":"post-10795","1":"product","2":"type-product","3":"status-publish","4":"has-post-thumbnail","6":"region-nordamerika","7":"product_cat-rohsteine","9":"first","10":"instock","11":"sold-individually","12":"taxable","13":"shipping-taxable","14":"purchasable","15":"product-type-simple"},"acf":[],"_links":{"self":[{"href":"https:\/\/westgem.shop\/fr\/wp-json\/wp\/v2\/product\/10795","targetHints":{"allow":["GET"]}}],"collection":[{"href":"https:\/\/westgem.shop\/fr\/wp-json\/wp\/v2\/product"}],"about":[{"href":"https:\/\/westgem.shop\/fr\/wp-json\/wp\/v2\/types\/product"}],"wp:featuredmedia":[{"embeddable":true,"href":"https:\/\/westgem.shop\/fr\/wp-json\/wp\/v2\/media\/10798"}],"wp:attachment":[{"href":"https:\/\/westgem.shop\/fr\/wp-json\/wp\/v2\/media?parent=10795"}],"wp:term":[{"taxonomy":"region","embeddable":true,"href":"https:\/\/westgem.shop\/fr\/wp-json\/wp\/v2\/region?post=10795"},{"taxonomy":"product_brand","embeddable":true,"href":"https:\/\/westgem.shop\/fr\/wp-json\/wp\/v2\/product_brand?post=10795"},{"taxonomy":"product_cat","embeddable":true,"href":"https:\/\/westgem.shop\/fr\/wp-json\/wp\/v2\/product_cat?post=10795"},{"taxonomy":"product_tag","embeddable":true,"href":"https:\/\/westgem.shop\/fr\/wp-json\/wp\/v2\/product_tag?post=10795"}],"curies":[{"name":"wp","href":"https:\/\/api.w.org\/{rel}","templated":true}]}}