{"id":10820,"date":"2021-12-31T10:59:55","date_gmt":"2021-12-31T10:59:55","guid":{"rendered":"https:\/\/westgem.shop\/?post_type=product&#038;p=10820"},"modified":"2022-06-10T05:52:14","modified_gmt":"2022-06-10T05:52:14","slug":"pyrite-jade-polie-sur-une-face","status":"publish","type":"product","link":"https:\/\/westgem.shop\/fr\/produit\/pyrite-jade-polie-sur-une-face\/","title":{"rendered":"\" INKA JADE \" - P\u00e9rou"},"content":{"rendered":"<p><strong>Tr\u00e8s sp\u00e9cial<\/strong><\/p>\n<p>&nbsp;<\/p>\n<p><strong>BLACK LEMURIAN JADE ou INKA JADE<\/strong><\/p>\n<p><strong>JADE noir p\u00e9ruvien avec CHALCOPYRIT<\/strong><\/p>\n<p><strong>NEPHRIT, QUARZ et CHALCOPYRIT<\/strong><\/p>\n<p>&nbsp;<\/p>\n<p><strong>Taches dor\u00e9es dans la NEPHRIT noire avec un l\u00e9ger \u00e9clat m\u00e9tallique<\/strong> &#8211; <strong>EDEL<\/strong><\/p>\n<p>Plaque,<strong> poli \u00e0 sec<\/strong><\/p>\n<p><strong><span style=\"font-family: -apple-system, BlinkMacSystemFont, 'Segoe UI', Roboto, Oxygen-Sans, Ubuntu, Cantarell, 'Helvetica Neue', sans-serif;\">Lieu unique : Lima Quarry - P\u00e9rou - Am\u00e9rique du Sud<\/span><\/strong><\/p>\n<p>poids : 375 g<\/p>\n<p>Dim :<strong> 19 x 10 x 1 cm<\/strong><\/p>","protected":false},"excerpt":{"rendered":"<p>JADE BLACK LEMURIAN ou JADE INKA JADE noir p\u00e9ruvien avec CHALCOPYRITE NEPHRITE, QUARTZ et CHALCOPYRITE Mouchetures dor\u00e9es dans la NEPHRITE noire avec un l\u00e9ger \u00e9clat m\u00e9tallique - plaque noble, polie \u00e0 sec Lieu de d\u00e9couverte unique : Lima Quarry - P\u00e9rou - Am\u00e9rique du Sud Poids : 375 g Dim. : 19 x 10 x 1 cm<\/p>","protected":false},"featured_media":10657,"template":"","meta":{"_acf_changed":false},"region":[60],"product_brand":[],"product_cat":[18],"product_tag":[],"class_list":{"0":"post-10820","1":"product","2":"type-product","3":"status-publish","4":"has-post-thumbnail","6":"region-suedamerika","7":"product_cat-geschliffene-einzelstucke","9":"first","10":"instock","11":"sold-individually","12":"taxable","13":"shipping-taxable","14":"purchasable","15":"product-type-simple"},"acf":[],"_links":{"self":[{"href":"https:\/\/westgem.shop\/fr\/wp-json\/wp\/v2\/product\/10820","targetHints":{"allow":["GET"]}}],"collection":[{"href":"https:\/\/westgem.shop\/fr\/wp-json\/wp\/v2\/product"}],"about":[{"href":"https:\/\/westgem.shop\/fr\/wp-json\/wp\/v2\/types\/product"}],"wp:featuredmedia":[{"embeddable":true,"href":"https:\/\/westgem.shop\/fr\/wp-json\/wp\/v2\/media\/10657"}],"wp:attachment":[{"href":"https:\/\/westgem.shop\/fr\/wp-json\/wp\/v2\/media?parent=10820"}],"wp:term":[{"taxonomy":"region","embeddable":true,"href":"https:\/\/westgem.shop\/fr\/wp-json\/wp\/v2\/region?post=10820"},{"taxonomy":"product_brand","embeddable":true,"href":"https:\/\/westgem.shop\/fr\/wp-json\/wp\/v2\/product_brand?post=10820"},{"taxonomy":"product_cat","embeddable":true,"href":"https:\/\/westgem.shop\/fr\/wp-json\/wp\/v2\/product_cat?post=10820"},{"taxonomy":"product_tag","embeddable":true,"href":"https:\/\/westgem.shop\/fr\/wp-json\/wp\/v2\/product_tag?post=10820"}],"curies":[{"name":"wp","href":"https:\/\/api.w.org\/{rel}","templated":true}]}}