{"id":10821,"date":"2021-03-11T11:30:41","date_gmt":"2021-03-11T11:30:41","guid":{"rendered":"https:\/\/westgem.shop\/?post_type=product&#038;p=10821"},"modified":"2022-01-01T16:21:40","modified_gmt":"2022-01-01T16:21:40","slug":"jaspe-docean","status":"publish","type":"product","link":"https:\/\/westgem.shop\/fr\/produit\/jaspe-docean\/","title":{"rendered":"Ocean Jaspis"},"content":{"rendered":"<p>Le site de Morovato - Madagascar - est \u00e9puis\u00e9 depuis des ann\u00e9es et il n'y a donc plus de nouveau mat\u00e9riel disponible.<\/p>\n<p>De l'ancien stock - disque poli des deux c\u00f4t\u00e9s - tr\u00e8s attractif<\/p>\n<p><strong>\"Ocean Jaspis\" est en fait un CHALCEDON sph\u00e9rolitique et PAS un JASPIS<\/strong><\/p>\n<p>Poids : 220 g Dim. : 19 x 10 x 0,5 cm<\/p>\n<p>&nbsp;<\/p>","protected":false},"excerpt":{"rendered":"<p>Le site de Morovato - Madagascar - est \u00e9puis\u00e9 depuis des ann\u00e9es et il n'y a donc plus de nouveau mat\u00e9riau disponible De stock ancien - disque poli sur les deux faces - tr\u00e8s attractif \"Ocean Jaspis\" est en fait un CHALCEDON sph\u00e9rolitique et NON un JASPIS Poids : 220 g Dim. : 19 x 10 x 0,5 cm &nbsp;<\/p>","protected":false},"featured_media":10822,"template":"","meta":{"_acf_changed":false},"region":[],"product_brand":[],"product_cat":[18],"product_tag":[],"class_list":{"0":"post-10821","1":"product","2":"type-product","3":"status-publish","4":"has-post-thumbnail","6":"product_cat-geschliffene-einzelstucke","8":"first","9":"outofstock","10":"sold-individually","11":"taxable","12":"shipping-taxable","13":"purchasable","14":"product-type-simple"},"acf":[],"_links":{"self":[{"href":"https:\/\/westgem.shop\/fr\/wp-json\/wp\/v2\/product\/10821","targetHints":{"allow":["GET"]}}],"collection":[{"href":"https:\/\/westgem.shop\/fr\/wp-json\/wp\/v2\/product"}],"about":[{"href":"https:\/\/westgem.shop\/fr\/wp-json\/wp\/v2\/types\/product"}],"wp:featuredmedia":[{"embeddable":true,"href":"https:\/\/westgem.shop\/fr\/wp-json\/wp\/v2\/media\/10822"}],"wp:attachment":[{"href":"https:\/\/westgem.shop\/fr\/wp-json\/wp\/v2\/media?parent=10821"}],"wp:term":[{"taxonomy":"region","embeddable":true,"href":"https:\/\/westgem.shop\/fr\/wp-json\/wp\/v2\/region?post=10821"},{"taxonomy":"product_brand","embeddable":true,"href":"https:\/\/westgem.shop\/fr\/wp-json\/wp\/v2\/product_brand?post=10821"},{"taxonomy":"product_cat","embeddable":true,"href":"https:\/\/westgem.shop\/fr\/wp-json\/wp\/v2\/product_cat?post=10821"},{"taxonomy":"product_tag","embeddable":true,"href":"https:\/\/westgem.shop\/fr\/wp-json\/wp\/v2\/product_tag?post=10821"}],"curies":[{"name":"wp","href":"https:\/\/api.w.org\/{rel}","templated":true}]}}