{"id":10831,"date":"2021-03-11T14:31:53","date_gmt":"2021-03-11T14:31:53","guid":{"rendered":"https:\/\/westgem.shop\/?post_type=product&#038;p=10831"},"modified":"2021-08-13T09:48:42","modified_gmt":"2021-08-13T09:48:42","slug":"quartz-fume-xx","status":"publish","type":"product","link":"https:\/\/westgem.shop\/fr\/produit\/quartz-fume-xx\/","title":{"rendered":"Diamantina - Morion\/ Quartz fum\u00e9 xx"},"content":{"rendered":"<p>Quartz fum\u00e9 de couleur tr\u00e8s intense - optiquement presque Morion<\/p>\n<p>Surfaces cristallines naturelles avec des cristaux de roche blancs clairs qui ont pouss\u00e9<\/p>\n<p>localisation de la trouvaille : Diamantina - Minas Gerais - Br\u00e9sil<\/p>\n<p>La derni\u00e8re image montre la couleur parfaite de la fum\u00e9e dans la lumi\u00e8re du soleil.<\/p>\n<p>Poids de l'appareil. 900 g Dim : 24 x 11 x 5 cm<\/p>\n<p><strong>R\u00c9DUIT\u00a0<\/strong><\/p>","protected":false},"excerpt":{"rendered":"<p>Quartz fum\u00e9 de couleur tr\u00e8s intense - optiquement presque Morion Surfaces cristallines naturelles avec cristaux de roche blancs et limpides en croissance Lieu de d\u00e9couverte : Diamantina - Minas Gerais - Br\u00e9sil La derni\u00e8re 'photo montre la couleur fum\u00e9e parfaite \u00e0 la lumi\u00e8re du contre-jour Poids. 900 g Dim : 24 x 11 x 5 cm R\u00c9DUIT\u00a0<\/p>","protected":false},"featured_media":10834,"template":"","meta":{"_acf_changed":false},"region":[60],"product_brand":[],"product_cat":[19],"product_tag":[],"class_list":{"0":"post-10831","1":"product","2":"type-product","3":"status-publish","4":"has-post-thumbnail","6":"region-suedamerika","7":"product_cat-kristallstufen","9":"first","10":"instock","11":"sold-individually","12":"taxable","13":"shipping-taxable","14":"purchasable","15":"product-type-simple"},"acf":[],"_links":{"self":[{"href":"https:\/\/westgem.shop\/fr\/wp-json\/wp\/v2\/product\/10831","targetHints":{"allow":["GET"]}}],"collection":[{"href":"https:\/\/westgem.shop\/fr\/wp-json\/wp\/v2\/product"}],"about":[{"href":"https:\/\/westgem.shop\/fr\/wp-json\/wp\/v2\/types\/product"}],"wp:featuredmedia":[{"embeddable":true,"href":"https:\/\/westgem.shop\/fr\/wp-json\/wp\/v2\/media\/10834"}],"wp:attachment":[{"href":"https:\/\/westgem.shop\/fr\/wp-json\/wp\/v2\/media?parent=10831"}],"wp:term":[{"taxonomy":"region","embeddable":true,"href":"https:\/\/westgem.shop\/fr\/wp-json\/wp\/v2\/region?post=10831"},{"taxonomy":"product_brand","embeddable":true,"href":"https:\/\/westgem.shop\/fr\/wp-json\/wp\/v2\/product_brand?post=10831"},{"taxonomy":"product_cat","embeddable":true,"href":"https:\/\/westgem.shop\/fr\/wp-json\/wp\/v2\/product_cat?post=10831"},{"taxonomy":"product_tag","embeddable":true,"href":"https:\/\/westgem.shop\/fr\/wp-json\/wp\/v2\/product_tag?post=10831"}],"curies":[{"name":"wp","href":"https:\/\/api.w.org\/{rel}","templated":true}]}}