{"id":1084,"date":"2021-07-17T00:00:00","date_gmt":"2021-07-17T00:00:00","guid":{"rendered":"https:\/\/miners.rocks\/product\/256\/"},"modified":"2024-02-03T07:50:19","modified_gmt":"2024-02-03T07:50:19","slug":"cristal-de-roche-rouge-xx","status":"publish","type":"product","link":"https:\/\/westgem.shop\/fr\/produit\/cristal-de-roche-rouge-xx\/","title":{"rendered":"CRISTAL DE MONTAGNE ROUGE xx"},"content":{"rendered":"<p>C'est notre plus grand sp\u00e9cimen - malheureusement, il n'y a pas de nouvelles d\u00e9couvertes pour le moment.<\/p>\n<p>Beau, rare, ROUGE<\/p>\n<p><strong> Les oxydes de fer dans le r\u00e9seau cristallin du CRISTAL DE MONTAGNE donnent ces teintes uniques.<\/strong><\/p>\n<p><strong>ORANGE RIVER - Sud de l'AFRIQUE.<\/strong><\/p>\n<p>poids : 680 g<\/p>\n<p>Dimensions : 12 x 10 x 6 cm<\/p>","protected":false},"excerpt":{"rendered":"<p>C'est notre plus grand sp\u00e9cimen - malheureusement, il n'y a pas de nouvelles d\u00e9couvertes pour le moment. Beau, rare, ROUGE. L'OXYDE DE FER dans le r\u00e9seau cristallin du CRISTAL DE MONTAGNE donne ces teintes uniques. ORANGE RIVER - Afrique du Sud. Poids : 680 g Dimensions : 12 x 10 x 6 cm<\/p>","protected":false},"featured_media":1085,"template":"","meta":{"_acf_changed":false},"region":[62],"product_brand":[],"product_cat":[22,19],"product_tag":[],"class_list":{"0":"post-1084","1":"product","2":"type-product","3":"status-publish","4":"has-post-thumbnail","6":"region-afrika","7":"product_cat-allgemein","8":"product_cat-kristallstufen","10":"first","11":"outofstock","12":"sold-individually","13":"product-type-simple"},"acf":[],"_links":{"self":[{"href":"https:\/\/westgem.shop\/fr\/wp-json\/wp\/v2\/product\/1084","targetHints":{"allow":["GET"]}}],"collection":[{"href":"https:\/\/westgem.shop\/fr\/wp-json\/wp\/v2\/product"}],"about":[{"href":"https:\/\/westgem.shop\/fr\/wp-json\/wp\/v2\/types\/product"}],"wp:featuredmedia":[{"embeddable":true,"href":"https:\/\/westgem.shop\/fr\/wp-json\/wp\/v2\/media\/1085"}],"wp:attachment":[{"href":"https:\/\/westgem.shop\/fr\/wp-json\/wp\/v2\/media?parent=1084"}],"wp:term":[{"taxonomy":"region","embeddable":true,"href":"https:\/\/westgem.shop\/fr\/wp-json\/wp\/v2\/region?post=1084"},{"taxonomy":"product_brand","embeddable":true,"href":"https:\/\/westgem.shop\/fr\/wp-json\/wp\/v2\/product_brand?post=1084"},{"taxonomy":"product_cat","embeddable":true,"href":"https:\/\/westgem.shop\/fr\/wp-json\/wp\/v2\/product_cat?post=1084"},{"taxonomy":"product_tag","embeddable":true,"href":"https:\/\/westgem.shop\/fr\/wp-json\/wp\/v2\/product_tag?post=1084"}],"curies":[{"name":"wp","href":"https:\/\/api.w.org\/{rel}","templated":true}]}}