{"id":10853,"date":"2021-09-18T11:38:32","date_gmt":"2021-09-18T11:38:32","guid":{"rendered":"https:\/\/westgem.shop\/?post_type=product&#038;p=10853"},"modified":"2021-12-30T19:33:09","modified_gmt":"2021-12-30T19:33:09","slug":"jacare-crocodile-quartz-fume-xx","status":"publish","type":"product","link":"https:\/\/westgem.shop\/fr\/produit\/jacare-crocodile-quartz-fume-xx\/","title":{"rendered":"\" Jacare \" Quartz fum\u00e9 xx"},"content":{"rendered":"<p><strong>Exquise marche en cristal - rare \u00e0 voir - d\u00e9couverte des ann\u00e9es 1990<\/strong><\/p>\n<p><strong>Jacare = alligator ou crocodile Quartz ,<\/strong> ce qui indique l'aspect visuel des \u00e9tages cristallins.<\/p>\n<p><strong>Multiples quarts de sceptre,<\/strong> cultiv\u00e9 sur de grandes surfaces avec des surfaces rhombo\u00e9driques orient\u00e9es parall\u00e8lement et tr\u00e8s brillantes.<\/p>\n<p>En g\u00e9n\u00e9ral, ces cristaux sont incolores - <strong>beaucoup plus rares sont les quartz fum\u00e9s<\/strong><\/p>\n<p>Lieu de d\u00e9couverte :<strong> Mine de Macao - Sao Geraldo do Baixo - Br\u00e9sil<\/strong><\/p>\n<p>La derni\u00e8re image montre les marches du bas<\/p>\n<p><strong>poids : 1,35 kilogramme\u00a0 <\/strong><\/p>\n<p><strong>\u00a0Dim : 20 x 14 x 5 cm<\/strong><\/p>\n<p><strong>Un pr\u00eat unique ! !!<\/strong><\/p>\n<p><strong>Prix r\u00e9duit !<\/strong><\/p>","protected":false},"excerpt":{"rendered":"<p>Etage cristallin exquis - rarement vu - d\u00e9couverte des ann\u00e9es 1990 Jacare = quartz alligator ou crocodile , ce qui indique l'aspect optique des \u00e9tages cristallins. Multiples quartz z\u00e9br\u00e9s, ayant pouss\u00e9 sur de grandes surfaces avec des faces rhombo\u00e9driques orient\u00e9es parall\u00e8lement et tr\u00e8s brillantes. En r\u00e8gle g\u00e9n\u00e9rale, ces cristaux sont incolores - les quartz fum\u00e9s sont beaucoup plus rares. Lieu de d\u00e9couverte : Mine de Macao - [...].<\/p>","protected":false},"featured_media":10857,"template":"","meta":{"_acf_changed":false},"region":[60],"product_brand":[],"product_cat":[19],"product_tag":[],"class_list":{"0":"post-10853","1":"product","2":"type-product","3":"status-publish","4":"has-post-thumbnail","6":"region-suedamerika","7":"product_cat-kristallstufen","9":"first","10":"outofstock","11":"sold-individually","12":"taxable","13":"shipping-taxable","14":"purchasable","15":"product-type-simple"},"acf":[],"_links":{"self":[{"href":"https:\/\/westgem.shop\/fr\/wp-json\/wp\/v2\/product\/10853","targetHints":{"allow":["GET"]}}],"collection":[{"href":"https:\/\/westgem.shop\/fr\/wp-json\/wp\/v2\/product"}],"about":[{"href":"https:\/\/westgem.shop\/fr\/wp-json\/wp\/v2\/types\/product"}],"wp:featuredmedia":[{"embeddable":true,"href":"https:\/\/westgem.shop\/fr\/wp-json\/wp\/v2\/media\/10857"}],"wp:attachment":[{"href":"https:\/\/westgem.shop\/fr\/wp-json\/wp\/v2\/media?parent=10853"}],"wp:term":[{"taxonomy":"region","embeddable":true,"href":"https:\/\/westgem.shop\/fr\/wp-json\/wp\/v2\/region?post=10853"},{"taxonomy":"product_brand","embeddable":true,"href":"https:\/\/westgem.shop\/fr\/wp-json\/wp\/v2\/product_brand?post=10853"},{"taxonomy":"product_cat","embeddable":true,"href":"https:\/\/westgem.shop\/fr\/wp-json\/wp\/v2\/product_cat?post=10853"},{"taxonomy":"product_tag","embeddable":true,"href":"https:\/\/westgem.shop\/fr\/wp-json\/wp\/v2\/product_tag?post=10853"}],"curies":[{"name":"wp","href":"https:\/\/api.w.org\/{rel}","templated":true}]}}