{"id":10871,"date":"2021-03-16T11:22:56","date_gmt":"2021-03-16T11:22:56","guid":{"rendered":"https:\/\/westgem.shop\/?post_type=product&#038;p=10871"},"modified":"2021-09-07T13:38:33","modified_gmt":"2021-09-07T13:38:33","slug":"chrysoprase-plaque-polie","status":"publish","type":"product","link":"https:\/\/westgem.shop\/fr\/produit\/chrysoprase-plaque-polie\/","title":{"rendered":"CHRYSOPRAS"},"content":{"rendered":"<p><strong>Pi\u00e8ce brute chrysoprase - calc\u00e9doine nicellaire<\/strong><\/p>\n<p>D\u00e9coup\u00e9 et poli sur une face<\/p>\n<p>localisation de la trouvaille : Szklary - Pologne<\/p>\n<p>Poids : 152 g Dim. : 11 x 5,5 x 2 cm<\/p>","protected":false},"excerpt":{"rendered":"<p>Pi\u00e8ce brute de chrysoprase - calc\u00e9doine nicellaire Taill\u00e9e et polie d'un c\u00f4t\u00e9 Localisation : Szklary - Pologne Poids : 152 g Dim. : 11 x 5,5 x 2 cm<\/p>","protected":false},"featured_media":10865,"template":"","meta":{"_acf_changed":false},"region":[58],"product_brand":[],"product_cat":[18],"product_tag":[],"class_list":{"0":"post-10871","1":"product","2":"type-product","3":"status-publish","4":"has-post-thumbnail","6":"region-europa","7":"product_cat-geschliffene-einzelstucke","9":"first","10":"instock","11":"sold-individually","12":"taxable","13":"shipping-taxable","14":"purchasable","15":"product-type-simple"},"acf":[],"_links":{"self":[{"href":"https:\/\/westgem.shop\/fr\/wp-json\/wp\/v2\/product\/10871","targetHints":{"allow":["GET"]}}],"collection":[{"href":"https:\/\/westgem.shop\/fr\/wp-json\/wp\/v2\/product"}],"about":[{"href":"https:\/\/westgem.shop\/fr\/wp-json\/wp\/v2\/types\/product"}],"wp:featuredmedia":[{"embeddable":true,"href":"https:\/\/westgem.shop\/fr\/wp-json\/wp\/v2\/media\/10865"}],"wp:attachment":[{"href":"https:\/\/westgem.shop\/fr\/wp-json\/wp\/v2\/media?parent=10871"}],"wp:term":[{"taxonomy":"region","embeddable":true,"href":"https:\/\/westgem.shop\/fr\/wp-json\/wp\/v2\/region?post=10871"},{"taxonomy":"product_brand","embeddable":true,"href":"https:\/\/westgem.shop\/fr\/wp-json\/wp\/v2\/product_brand?post=10871"},{"taxonomy":"product_cat","embeddable":true,"href":"https:\/\/westgem.shop\/fr\/wp-json\/wp\/v2\/product_cat?post=10871"},{"taxonomy":"product_tag","embeddable":true,"href":"https:\/\/westgem.shop\/fr\/wp-json\/wp\/v2\/product_tag?post=10871"}],"curies":[{"name":"wp","href":"https:\/\/api.w.org\/{rel}","templated":true}]}}