{"id":10881,"date":"2021-03-16T11:34:25","date_gmt":"2021-03-16T11:34:25","guid":{"rendered":"https:\/\/westgem.shop\/?post_type=product&#038;p=10881"},"modified":"2021-11-11T14:26:43","modified_gmt":"2021-11-11T14:26:43","slug":"1a-fluorite-xx-el-thule","status":"publish","type":"product","link":"https:\/\/westgem.shop\/fr\/produit\/1a-fluorite-xx-el-thule\/","title":{"rendered":"Fluorite xx - Coahuila Mexico"},"content":{"rendered":"<p><strong>Exclusif niveau de fluorine avec c\u00e9lestine blanche xx et calcite blanche comme neige xx<\/strong><\/p>\n<p><strong>Cristaux de FLUORITE cubiques ultrabrillants et violets - tr\u00e8s parquet\u00e9s<\/strong><\/p>\n<p>Lieu de d\u00e9couverte :<strong> El Thule - Sierra Tamaulipeca - Coahila - Mexique<\/strong><\/p>\n<p>poids : 153 g<\/p>\n<p>Dim : 7 x 5 x 5 cm<\/p>","protected":false},"excerpt":{"rendered":"<p>Etage de Fluorite exclusive avec Coelestin xx blanc et Calcite xx blanc comme neige Cristaux de FLUORITE cubiques tr\u00e8s brillants, violets - tr\u00e8s parquet\u00e9s Localisation : Coahuila - El Tule - Sierra Tamaulipeca - Mexico Poids : 153 g Dim. : 7 x 5 x 5 cm<\/p>","protected":false},"featured_media":10886,"template":"","meta":{"_acf_changed":false},"region":[61],"product_brand":[],"product_cat":[19],"product_tag":[],"class_list":{"0":"post-10881","1":"product","2":"type-product","3":"status-publish","4":"has-post-thumbnail","6":"region-nordamerika","7":"product_cat-kristallstufen","9":"first","10":"instock","11":"sold-individually","12":"taxable","13":"shipping-taxable","14":"purchasable","15":"product-type-simple"},"acf":[],"_links":{"self":[{"href":"https:\/\/westgem.shop\/fr\/wp-json\/wp\/v2\/product\/10881","targetHints":{"allow":["GET"]}}],"collection":[{"href":"https:\/\/westgem.shop\/fr\/wp-json\/wp\/v2\/product"}],"about":[{"href":"https:\/\/westgem.shop\/fr\/wp-json\/wp\/v2\/types\/product"}],"wp:featuredmedia":[{"embeddable":true,"href":"https:\/\/westgem.shop\/fr\/wp-json\/wp\/v2\/media\/10886"}],"wp:attachment":[{"href":"https:\/\/westgem.shop\/fr\/wp-json\/wp\/v2\/media?parent=10881"}],"wp:term":[{"taxonomy":"region","embeddable":true,"href":"https:\/\/westgem.shop\/fr\/wp-json\/wp\/v2\/region?post=10881"},{"taxonomy":"product_brand","embeddable":true,"href":"https:\/\/westgem.shop\/fr\/wp-json\/wp\/v2\/product_brand?post=10881"},{"taxonomy":"product_cat","embeddable":true,"href":"https:\/\/westgem.shop\/fr\/wp-json\/wp\/v2\/product_cat?post=10881"},{"taxonomy":"product_tag","embeddable":true,"href":"https:\/\/westgem.shop\/fr\/wp-json\/wp\/v2\/product_tag?post=10881"}],"curies":[{"name":"wp","href":"https:\/\/api.w.org\/{rel}","templated":true}]}}