{"id":10888,"date":"2021-03-16T11:26:35","date_gmt":"2021-03-16T11:26:35","guid":{"rendered":"https:\/\/westgem.shop\/?post_type=product&#038;p=10888"},"modified":"2022-05-09T07:13:55","modified_gmt":"2022-05-09T07:13:55","slug":"dendrites-mookait-pierre-brute","status":"publish","type":"product","link":"https:\/\/westgem.shop\/fr\/produit\/dendrites-mookait-pierre-brute\/","title":{"rendered":"Dendrites MOOKAIT - Australie de l'Ouest"},"content":{"rendered":"<p>Rarement vu.<\/p>\n<p>De belles dendrites de mangan\u00e8se dans MOOKAIT<\/p>\n<p>La mookait se trouve exclusivement dans l'ouest de l'Australie.<\/p>\n<p>La combinaison de l'opalite, du silex Chert et du jaspe est<strong> plus d'un milliard d'ann\u00e9es<\/strong><\/p>\n<p>localisation de la trouvaille : Kennedy Ranges - Mooka Country - Australie de l'Ouest<\/p>\n<p>Poids : 420 g Dim : 14 x 8 x 5 cm<\/p>","protected":false},"excerpt":{"rendered":"<p>Rare \u00e0 voir. Belles dendrites de mangan\u00e8se en MOOKAIT La mooka\u00efte se trouve exclusivement dans l'ouest de l'Australie. La combinaison d'opalite, de chert de silex et de jaspe est vieille de plus d'un milliard d'ann\u00e9es Lieu de d\u00e9couverte : Kennedy Ranges - Mooka Country - West Australia Poids : 420 g Dim. : 14 x 8 x 5 cm<\/p>","protected":false},"featured_media":10893,"template":"","meta":{"_acf_changed":false},"region":[56],"product_brand":[],"product_cat":[16],"product_tag":[],"class_list":{"0":"post-10888","1":"product","2":"type-product","3":"status-publish","4":"has-post-thumbnail","6":"region-australien","7":"product_cat-rohsteine","9":"first","10":"outofstock","11":"sold-individually","12":"taxable","13":"shipping-taxable","14":"purchasable","15":"product-type-simple"},"acf":[],"_links":{"self":[{"href":"https:\/\/westgem.shop\/fr\/wp-json\/wp\/v2\/product\/10888","targetHints":{"allow":["GET"]}}],"collection":[{"href":"https:\/\/westgem.shop\/fr\/wp-json\/wp\/v2\/product"}],"about":[{"href":"https:\/\/westgem.shop\/fr\/wp-json\/wp\/v2\/types\/product"}],"wp:featuredmedia":[{"embeddable":true,"href":"https:\/\/westgem.shop\/fr\/wp-json\/wp\/v2\/media\/10893"}],"wp:attachment":[{"href":"https:\/\/westgem.shop\/fr\/wp-json\/wp\/v2\/media?parent=10888"}],"wp:term":[{"taxonomy":"region","embeddable":true,"href":"https:\/\/westgem.shop\/fr\/wp-json\/wp\/v2\/region?post=10888"},{"taxonomy":"product_brand","embeddable":true,"href":"https:\/\/westgem.shop\/fr\/wp-json\/wp\/v2\/product_brand?post=10888"},{"taxonomy":"product_cat","embeddable":true,"href":"https:\/\/westgem.shop\/fr\/wp-json\/wp\/v2\/product_cat?post=10888"},{"taxonomy":"product_tag","embeddable":true,"href":"https:\/\/westgem.shop\/fr\/wp-json\/wp\/v2\/product_tag?post=10888"}],"curies":[{"name":"wp","href":"https:\/\/api.w.org\/{rel}","templated":true}]}}