{"id":1089,"date":"2000-07-18T00:00:00","date_gmt":"2000-07-18T00:00:00","guid":{"rendered":"https:\/\/miners.rocks\/product\/257\/"},"modified":"2020-05-19T16:56:43","modified_gmt":"2020-05-19T16:56:43","slug":"labradorite-aaa-2","status":"publish","type":"product","link":"https:\/\/westgem.shop\/fr\/produit\/labradorite-aaa-2\/","title":{"rendered":"LABRADORIT AAA"},"content":{"rendered":"<p>Superbe LABRADORITE - taille en forme libre - polie de tous c\u00f4t\u00e9s.<\/p>\n<p>Un v\u00e9ritable coup de c\u0153ur pour toute pi\u00e8ce \u00e0 vivre ou pour un bureau.<\/p>\n<p>La mati\u00e8re premi\u00e8re se trouve \u00e0 Madagascar<\/p>\n<p>Poids : 1,5 kilogramme Dimensions : 15 x 8,5 x 5 cm<\/p>","protected":false},"excerpt":{"rendered":"<p>Superbe LABRADORITE - taille en forme libre - polie de tous c\u00f4t\u00e9s. Un vrai coup de c\u0153ur pour chaque pi\u00e8ce de vie ou pour un bureau. Poids : 1,5 kilogrammes Dimensions : 15 x 8,5 x 5 cm<\/p>","protected":false},"featured_media":1090,"template":"","meta":{"_acf_changed":false},"region":[],"product_brand":[],"product_cat":[15],"product_tag":[],"class_list":{"0":"post-1089","1":"product","2":"type-product","3":"status-publish","4":"has-post-thumbnail","6":"product_cat-mineralien","8":"first","9":"outofstock","10":"sold-individually","11":"product-type-simple"},"acf":[],"_links":{"self":[{"href":"https:\/\/westgem.shop\/fr\/wp-json\/wp\/v2\/product\/1089","targetHints":{"allow":["GET"]}}],"collection":[{"href":"https:\/\/westgem.shop\/fr\/wp-json\/wp\/v2\/product"}],"about":[{"href":"https:\/\/westgem.shop\/fr\/wp-json\/wp\/v2\/types\/product"}],"wp:featuredmedia":[{"embeddable":true,"href":"https:\/\/westgem.shop\/fr\/wp-json\/wp\/v2\/media\/1090"}],"wp:attachment":[{"href":"https:\/\/westgem.shop\/fr\/wp-json\/wp\/v2\/media?parent=1089"}],"wp:term":[{"taxonomy":"region","embeddable":true,"href":"https:\/\/westgem.shop\/fr\/wp-json\/wp\/v2\/region?post=1089"},{"taxonomy":"product_brand","embeddable":true,"href":"https:\/\/westgem.shop\/fr\/wp-json\/wp\/v2\/product_brand?post=1089"},{"taxonomy":"product_cat","embeddable":true,"href":"https:\/\/westgem.shop\/fr\/wp-json\/wp\/v2\/product_cat?post=1089"},{"taxonomy":"product_tag","embeddable":true,"href":"https:\/\/westgem.shop\/fr\/wp-json\/wp\/v2\/product_tag?post=1089"}],"curies":[{"name":"wp","href":"https:\/\/api.w.org\/{rel}","templated":true}]}}