{"id":10903,"date":"2021-03-16T13:11:54","date_gmt":"2021-03-16T13:11:54","guid":{"rendered":"https:\/\/westgem.shop\/?post_type=product&#038;p=10903"},"modified":"2021-12-30T19:33:10","modified_gmt":"2021-12-30T19:33:10","slug":"cuivre-plaque-usa-4","status":"publish","type":"product","link":"https:\/\/westgem.shop\/fr\/produit\/cuivre-plaque-usa-4\/","title":{"rendered":"Cuivre, solide - Lake Superior"},"content":{"rendered":"<p>Cuivre solide -<\/p>\n<p>On d\u00e9signe par \"natif\" la pr\u00e9sence d'un \u00e9l\u00e9ment chimique pur dans la nature, comme le cuivre, l'or ou l'argent.<\/p>\n<p>Cette pi\u00e8ce, en partie d\u00e9j\u00e0 avec l'oxydation naturelle en malachite.<\/p>\n<p>Trouv\u00e9 sur la p\u00e9ninsule de Keweenaw pr\u00e8s du lac Sup\u00e9rieur - Michigan - USA<\/p>\n<p>Poids : 157 g Dim. : 7 x 5 x 3 cm<\/p>\n<p><strong>PRIX SP\u00c9CIAL !<\/strong><\/p>","protected":false},"excerpt":{"rendered":"<p>Cuivre affin\u00e9 - on appelle cuivre affin\u00e9 la pr\u00e9sence d'un \u00e9l\u00e9ment chimique pur dans la nature - comme le cuivre, l'or ou l'argent. Cette pi\u00e8ce, en partie d\u00e9j\u00e0 oxyd\u00e9e naturellement en malachite. Lieu de d\u00e9couverte : Keweenaw Peninsula pr\u00e8s du Lac Sup\u00e9rieur - Michigan - USA Poids : 157 g Dim. : 7 x 5 x 3 cm [...]<\/p>","protected":false},"featured_media":10899,"template":"","meta":{"_acf_changed":false},"region":[61],"product_brand":[],"product_cat":[16],"product_tag":[],"class_list":{"0":"post-10903","1":"product","2":"type-product","3":"status-publish","4":"has-post-thumbnail","6":"region-nordamerika","7":"product_cat-rohsteine","9":"first","10":"outofstock","11":"sold-individually","12":"taxable","13":"shipping-taxable","14":"purchasable","15":"product-type-simple"},"acf":[],"_links":{"self":[{"href":"https:\/\/westgem.shop\/fr\/wp-json\/wp\/v2\/product\/10903","targetHints":{"allow":["GET"]}}],"collection":[{"href":"https:\/\/westgem.shop\/fr\/wp-json\/wp\/v2\/product"}],"about":[{"href":"https:\/\/westgem.shop\/fr\/wp-json\/wp\/v2\/types\/product"}],"wp:featuredmedia":[{"embeddable":true,"href":"https:\/\/westgem.shop\/fr\/wp-json\/wp\/v2\/media\/10899"}],"wp:attachment":[{"href":"https:\/\/westgem.shop\/fr\/wp-json\/wp\/v2\/media?parent=10903"}],"wp:term":[{"taxonomy":"region","embeddable":true,"href":"https:\/\/westgem.shop\/fr\/wp-json\/wp\/v2\/region?post=10903"},{"taxonomy":"product_brand","embeddable":true,"href":"https:\/\/westgem.shop\/fr\/wp-json\/wp\/v2\/product_brand?post=10903"},{"taxonomy":"product_cat","embeddable":true,"href":"https:\/\/westgem.shop\/fr\/wp-json\/wp\/v2\/product_cat?post=10903"},{"taxonomy":"product_tag","embeddable":true,"href":"https:\/\/westgem.shop\/fr\/wp-json\/wp\/v2\/product_tag?post=10903"}],"curies":[{"name":"wp","href":"https:\/\/api.w.org\/{rel}","templated":true}]}}