{"id":10904,"date":"2021-03-16T15:54:21","date_gmt":"2021-03-16T15:54:21","guid":{"rendered":"https:\/\/westgem.shop\/?post_type=product&#038;p=10904"},"modified":"2021-09-06T15:45:17","modified_gmt":"2021-09-06T15:45:17","slug":"calcedoine-bleue-de-lagen-namibie","status":"publish","type":"product","link":"https:\/\/westgem.shop\/fr\/produit\/calcedoine-bleue-de-lagen-namibie\/","title":{"rendered":"Calc\u00e9doine bleue de couche - Namibie"},"content":{"rendered":"<p>Calc\u00e9doine , bleu - aussi appel\u00e9 calc\u00e9doine \u00e0 rayures<\/p>\n<p>localisation de la trouvaille : R\u00e9gion de Karas - Namibie<\/p>\n<p>Poids : 358 g Dim : 13 x 5 x 4 cm<\/p>\n<p>Un c\u00f4t\u00e9 coup\u00e9 - une image montre l'arri\u00e8re<\/p>\n<p>Prix r\u00e9duit !<\/p>","protected":false},"excerpt":{"rendered":"<p>Calc\u00e9doine , bleue - aussi appel\u00e9e calc\u00e9doine \u00e0 bandes Lieu de d\u00e9couverte : R\u00e9gion de Karas - Namibie Poids : 358 g Dim. : 13 x 5 x 4 cm Une face coup\u00e9e - une photo montre le verso Prix r\u00e9duit !<\/p>","protected":false},"featured_media":10909,"template":"","meta":{"_acf_changed":false},"region":[62],"product_brand":[],"product_cat":[16],"product_tag":[],"class_list":{"0":"post-10904","1":"product","2":"type-product","3":"status-publish","4":"has-post-thumbnail","6":"region-afrika","7":"product_cat-rohsteine","9":"first","10":"instock","11":"sold-individually","12":"taxable","13":"shipping-taxable","14":"purchasable","15":"product-type-simple"},"acf":[],"_links":{"self":[{"href":"https:\/\/westgem.shop\/fr\/wp-json\/wp\/v2\/product\/10904","targetHints":{"allow":["GET"]}}],"collection":[{"href":"https:\/\/westgem.shop\/fr\/wp-json\/wp\/v2\/product"}],"about":[{"href":"https:\/\/westgem.shop\/fr\/wp-json\/wp\/v2\/types\/product"}],"wp:featuredmedia":[{"embeddable":true,"href":"https:\/\/westgem.shop\/fr\/wp-json\/wp\/v2\/media\/10909"}],"wp:attachment":[{"href":"https:\/\/westgem.shop\/fr\/wp-json\/wp\/v2\/media?parent=10904"}],"wp:term":[{"taxonomy":"region","embeddable":true,"href":"https:\/\/westgem.shop\/fr\/wp-json\/wp\/v2\/region?post=10904"},{"taxonomy":"product_brand","embeddable":true,"href":"https:\/\/westgem.shop\/fr\/wp-json\/wp\/v2\/product_brand?post=10904"},{"taxonomy":"product_cat","embeddable":true,"href":"https:\/\/westgem.shop\/fr\/wp-json\/wp\/v2\/product_cat?post=10904"},{"taxonomy":"product_tag","embeddable":true,"href":"https:\/\/westgem.shop\/fr\/wp-json\/wp\/v2\/product_tag?post=10904"}],"curies":[{"name":"wp","href":"https:\/\/api.w.org\/{rel}","templated":true}]}}