{"id":10928,"date":"2021-03-17T11:41:29","date_gmt":"2021-03-17T11:41:29","guid":{"rendered":"https:\/\/westgem.shop\/?post_type=product&#038;p=10928"},"modified":"2021-09-06T15:45:17","modified_gmt":"2021-09-06T15:45:17","slug":"obsidian-utah","status":"publish","type":"product","link":"https:\/\/westgem.shop\/fr\/produit\/obsidian-utah\/","title":{"rendered":"Snowflake Obsidian - \u00c9tats-Unis"},"content":{"rendered":"<p>Belle pi\u00e8ce dite \" Snowflake \" Obsidian<\/p>\n<p>Verre de lave volcanique naturel - g\u00e9n\u00e9ralement noir ou brun<\/p>\n<p>Cette pi\u00e8ce avec des inclusions de cristobalite blanche donne alors l'aspect typique des flocons de neige.<\/p>\n<p>Lieu de d\u00e9couverte : Black Rock Dessert - Comt\u00e9 de Millard - Utah - USA<\/p>\n<p>Poids . 167 g Dim : 7 x 6 x 4 cm<\/p>","protected":false},"excerpt":{"rendered":"<p>Belle pi\u00e8ce d'obsidienne dite \"Snowflake\" Verre de lave volcanique naturel - g\u00e9n\u00e9ralement noir ou brun Cette pi\u00e8ce avec des inclusions de cristobalite blanche donne alors l'aspect typique des flocons de neige. Lieu de d\u00e9couverte : Black Rock Dessert - Millard County - Utah - USA Poids . 167 g Dim. : 7 x 6 x 4 cm<\/p>","protected":false},"featured_media":10922,"template":"","meta":{"_acf_changed":false},"region":[61],"product_brand":[],"product_cat":[16],"product_tag":[],"class_list":{"0":"post-10928","1":"product","2":"type-product","3":"status-publish","4":"has-post-thumbnail","6":"region-nordamerika","7":"product_cat-rohsteine","9":"first","10":"outofstock","11":"sold-individually","12":"taxable","13":"shipping-taxable","14":"purchasable","15":"product-type-simple"},"acf":[],"_links":{"self":[{"href":"https:\/\/westgem.shop\/fr\/wp-json\/wp\/v2\/product\/10928","targetHints":{"allow":["GET"]}}],"collection":[{"href":"https:\/\/westgem.shop\/fr\/wp-json\/wp\/v2\/product"}],"about":[{"href":"https:\/\/westgem.shop\/fr\/wp-json\/wp\/v2\/types\/product"}],"wp:featuredmedia":[{"embeddable":true,"href":"https:\/\/westgem.shop\/fr\/wp-json\/wp\/v2\/media\/10922"}],"wp:attachment":[{"href":"https:\/\/westgem.shop\/fr\/wp-json\/wp\/v2\/media?parent=10928"}],"wp:term":[{"taxonomy":"region","embeddable":true,"href":"https:\/\/westgem.shop\/fr\/wp-json\/wp\/v2\/region?post=10928"},{"taxonomy":"product_brand","embeddable":true,"href":"https:\/\/westgem.shop\/fr\/wp-json\/wp\/v2\/product_brand?post=10928"},{"taxonomy":"product_cat","embeddable":true,"href":"https:\/\/westgem.shop\/fr\/wp-json\/wp\/v2\/product_cat?post=10928"},{"taxonomy":"product_tag","embeddable":true,"href":"https:\/\/westgem.shop\/fr\/wp-json\/wp\/v2\/product_tag?post=10928"}],"curies":[{"name":"wp","href":"https:\/\/api.w.org\/{rel}","templated":true}]}}