{"id":1093,"date":"2000-07-19T00:00:00","date_gmt":"2000-07-19T00:00:00","guid":{"rendered":"https:\/\/miners.rocks\/product\/258\/"},"modified":"2020-05-19T16:56:45","modified_gmt":"2020-05-19T16:56:45","slug":"labradorite-aaa-couleur-de-tete","status":"publish","type":"product","link":"https:\/\/westgem.shop\/fr\/produit\/labradorite-aaa-couleur-de-tete\/","title":{"rendered":"LABRADORIT AAA Peinture en pot"},"content":{"rendered":"<p>Pi\u00e8ce de pointe LABRADORIT avec top - polissage .<\/p>\n<p>Les Am\u00e9ricains diraient \"EYE CATCHER\".<\/p>\n<p>La mati\u00e8re premi\u00e8re de premi\u00e8re qualit\u00e9 pour ces superbes DECOSTUCES est trouv\u00e9e \u00e0 Madagascar.<\/p>\n<p>Poids : 920 g Dimensions : 16 x 8 x 4 cm<\/p>","protected":false},"excerpt":{"rendered":"<p>Pi\u00e8ce de pointe LABRADORIT avec top - polissage . Les Am\u00e9ricains l'appelleraient \"EYE CATCHER\". La mati\u00e8re premi\u00e8re de premi\u00e8re qualit\u00e9 pour ces superbes DECOSTUCES est trouv\u00e9e \u00e0 Madagascar. Poids : 920 g Dimensions : 16 x 8 x 4 cm<\/p>","protected":false},"featured_media":1094,"template":"","meta":{"_acf_changed":false},"region":[],"product_brand":[],"product_cat":[15],"product_tag":[],"class_list":{"0":"post-1093","1":"product","2":"type-product","3":"status-publish","4":"has-post-thumbnail","6":"product_cat-mineralien","8":"first","9":"outofstock","10":"sold-individually","11":"product-type-simple"},"acf":[],"_links":{"self":[{"href":"https:\/\/westgem.shop\/fr\/wp-json\/wp\/v2\/product\/1093","targetHints":{"allow":["GET"]}}],"collection":[{"href":"https:\/\/westgem.shop\/fr\/wp-json\/wp\/v2\/product"}],"about":[{"href":"https:\/\/westgem.shop\/fr\/wp-json\/wp\/v2\/types\/product"}],"wp:featuredmedia":[{"embeddable":true,"href":"https:\/\/westgem.shop\/fr\/wp-json\/wp\/v2\/media\/1094"}],"wp:attachment":[{"href":"https:\/\/westgem.shop\/fr\/wp-json\/wp\/v2\/media?parent=1093"}],"wp:term":[{"taxonomy":"region","embeddable":true,"href":"https:\/\/westgem.shop\/fr\/wp-json\/wp\/v2\/region?post=1093"},{"taxonomy":"product_brand","embeddable":true,"href":"https:\/\/westgem.shop\/fr\/wp-json\/wp\/v2\/product_brand?post=1093"},{"taxonomy":"product_cat","embeddable":true,"href":"https:\/\/westgem.shop\/fr\/wp-json\/wp\/v2\/product_cat?post=1093"},{"taxonomy":"product_tag","embeddable":true,"href":"https:\/\/westgem.shop\/fr\/wp-json\/wp\/v2\/product_tag?post=1093"}],"curies":[{"name":"wp","href":"https:\/\/api.w.org\/{rel}","templated":true}]}}