{"id":10930,"date":"2021-12-17T12:27:41","date_gmt":"2021-12-17T12:27:41","guid":{"rendered":"https:\/\/westgem.shop\/?post_type=product&#038;p=10930"},"modified":"2022-04-18T08:26:24","modified_gmt":"2022-04-18T08:26:24","slug":"fer-de-tigre-top-deco","status":"publish","type":"product","link":"https:\/\/westgem.shop\/fr\/produit\/fer-de-tigre-top-deco\/","title":{"rendered":"Fer de tigre - Top d\u00e9co"},"content":{"rendered":"<p><strong>XL Plaque polie<\/strong><\/p>\n<h3>VOYAGES EN TIGRE - AAA<\/h3>\n<p>&nbsp;<\/p>\n<ul>\n<li>roche s\u00e9dimentaire stratifi\u00e9e d'origine volcanique.<\/li>\n<\/ul>\n<p><strong>Les veines de magn\u00e9tite\/h\u00e9matite aux reflets m\u00e9talliques sont sorties des fosses volcaniques en eau profonde sous forme de fer pur il y a environ 1,6 milliard d'ann\u00e9es - les autres composants ne se sont ensuite form\u00e9s que plus tard.<\/strong><\/p>\n<p>Les diff\u00e9rentes couches sont courb\u00e9es et pliss\u00e9es sous l'influence de la tectonique.<\/p>\n<h5><\/h5>\n<p><strong>Le fer du tigre est compos\u00e9 de magn\u00e9tite\/h\u00e9matite m\u00e9tallique brillante - de jaspe brun-jaune et de chert ainsi que d'\u0153il de tigre dor\u00e9 brillant.<\/strong>. Les parties blanches sont du QUARTZ monocristallin pur.<\/p>\n<p>La mati\u00e8re premi\u00e8re est trouv\u00e9e \u00e0 Priesca - Northern Cape - Bandet Iron Mine - Transvaal - Afrique du Sud<\/p>\n<ul>\n<li><strong>Poids : 2,2 kilogrammes Dim : 36 x 33 x 1 cm<\/strong><\/li>\n<\/ul>\n<p><strong>Des pi\u00e8ces aussi attrayantes et de grande taille sont de superbes pi\u00e8ces d'exposition et sont tr\u00e8s difficiles \u00e0 obtenir.<\/strong><\/p>\n<p><strong>PRIX SP\u00c9CIAL ! !!<\/strong><\/p>","protected":false},"excerpt":{"rendered":"<p>XL Plaque polie FER TIGRE - AAA roche s\u00e9dimentaire lamellaire d'origine volcanique. Les veines de magn\u00e9tite\/h\u00e9matite \u00e0 l'\u00e9clat m\u00e9tallique se sont \u00e9chapp\u00e9es sous forme de fer pur des fosses volcaniques en eau profonde il y a environ 1,6 milliard d'ann\u00e9es - les autres composants ne se sont alors form\u00e9s que plus tard. Les diff\u00e9rentes couches sont courb\u00e9es et pli\u00e9es sous l'influence de la tectonique. Le fer tigr\u00e9 est compos\u00e9 de magn\u00e9tite\/h\u00e9matite \u00e0 l'\u00e9clat m\u00e9tallique [...].<\/p>","protected":false},"featured_media":10931,"template":"","meta":{"_acf_changed":false},"region":[62],"product_brand":[],"product_cat":[18],"product_tag":[],"class_list":{"0":"post-10930","1":"product","2":"type-product","3":"status-publish","4":"has-post-thumbnail","6":"region-afrika","7":"product_cat-geschliffene-einzelstucke","9":"first","10":"outofstock","11":"sold-individually","12":"taxable","13":"shipping-taxable","14":"purchasable","15":"product-type-simple"},"acf":[],"_links":{"self":[{"href":"https:\/\/westgem.shop\/fr\/wp-json\/wp\/v2\/product\/10930","targetHints":{"allow":["GET"]}}],"collection":[{"href":"https:\/\/westgem.shop\/fr\/wp-json\/wp\/v2\/product"}],"about":[{"href":"https:\/\/westgem.shop\/fr\/wp-json\/wp\/v2\/types\/product"}],"wp:featuredmedia":[{"embeddable":true,"href":"https:\/\/westgem.shop\/fr\/wp-json\/wp\/v2\/media\/10931"}],"wp:attachment":[{"href":"https:\/\/westgem.shop\/fr\/wp-json\/wp\/v2\/media?parent=10930"}],"wp:term":[{"taxonomy":"region","embeddable":true,"href":"https:\/\/westgem.shop\/fr\/wp-json\/wp\/v2\/region?post=10930"},{"taxonomy":"product_brand","embeddable":true,"href":"https:\/\/westgem.shop\/fr\/wp-json\/wp\/v2\/product_brand?post=10930"},{"taxonomy":"product_cat","embeddable":true,"href":"https:\/\/westgem.shop\/fr\/wp-json\/wp\/v2\/product_cat?post=10930"},{"taxonomy":"product_tag","embeddable":true,"href":"https:\/\/westgem.shop\/fr\/wp-json\/wp\/v2\/product_tag?post=10930"}],"curies":[{"name":"wp","href":"https:\/\/api.w.org\/{rel}","templated":true}]}}