{"id":1096,"date":"2000-07-20T00:00:00","date_gmt":"2000-07-20T00:00:00","guid":{"rendered":"https:\/\/miners.rocks\/product\/259\/"},"modified":"2020-05-19T16:56:45","modified_gmt":"2020-05-19T16:56:45","slug":"labradorite-aaa-madagascar","status":"publish","type":"product","link":"https:\/\/westgem.shop\/fr\/produit\/labradorite-aaa-madagascar\/","title":{"rendered":"LABRADORIT AAA - Madagascar"},"content":{"rendered":"<p>Encore un LABRADORIT d'une qualit\u00e9 rarement vue.<\/p>\n<p>LABRADORITE est un plagioclase FELDSPAT - les superbes couleurs proviennent des interf\u00e9rences lumineuses dues \u00e0 la r\u00e9fraction de la lumi\u00e8re sur des lamelles de s\u00e9gr\u00e9gation submicroscopiques dans le corps cristallin.<\/p>\n<p>Le lieu de d\u00e9couverte est BEKILY - Madagascar<\/p>\n<p>Poids : 1,1 kilogramme Dimensions : 19 x 9 x 4,5 cm<\/p>","protected":false},"excerpt":{"rendered":"<p>Encore une LABRADORITE d'une qualit\u00e9 rarement vue. La LABRADORITE est un plagioclase FELDSPAT - les superbes couleurs proviennent des interf\u00e9rences lumineuses dues \u00e0 la r\u00e9fraction de la lumi\u00e8re sur des lamelles de s\u00e9gr\u00e9gation submicroscopiques dans le corps cristallin. Lieu de d\u00e9couverte : BEKILY - Madagascar Poids : 1,1 kilogramme Dimensions : 19 x 9 x 4,5 cm<\/p>","protected":false},"featured_media":1097,"template":"","meta":{"_acf_changed":false},"region":[],"product_brand":[],"product_cat":[15],"product_tag":[],"class_list":{"0":"post-1096","1":"product","2":"type-product","3":"status-publish","4":"has-post-thumbnail","6":"product_cat-mineralien","8":"first","9":"outofstock","10":"sold-individually","11":"product-type-simple"},"acf":[],"_links":{"self":[{"href":"https:\/\/westgem.shop\/fr\/wp-json\/wp\/v2\/product\/1096","targetHints":{"allow":["GET"]}}],"collection":[{"href":"https:\/\/westgem.shop\/fr\/wp-json\/wp\/v2\/product"}],"about":[{"href":"https:\/\/westgem.shop\/fr\/wp-json\/wp\/v2\/types\/product"}],"wp:featuredmedia":[{"embeddable":true,"href":"https:\/\/westgem.shop\/fr\/wp-json\/wp\/v2\/media\/1097"}],"wp:attachment":[{"href":"https:\/\/westgem.shop\/fr\/wp-json\/wp\/v2\/media?parent=1096"}],"wp:term":[{"taxonomy":"region","embeddable":true,"href":"https:\/\/westgem.shop\/fr\/wp-json\/wp\/v2\/region?post=1096"},{"taxonomy":"product_brand","embeddable":true,"href":"https:\/\/westgem.shop\/fr\/wp-json\/wp\/v2\/product_brand?post=1096"},{"taxonomy":"product_cat","embeddable":true,"href":"https:\/\/westgem.shop\/fr\/wp-json\/wp\/v2\/product_cat?post=1096"},{"taxonomy":"product_tag","embeddable":true,"href":"https:\/\/westgem.shop\/fr\/wp-json\/wp\/v2\/product_tag?post=1096"}],"curies":[{"name":"wp","href":"https:\/\/api.w.org\/{rel}","templated":true}]}}