{"id":10973,"date":"2021-10-20T07:42:54","date_gmt":"2021-10-20T07:42:54","guid":{"rendered":"https:\/\/westgem.shop\/?post_type=product&#038;p=10973"},"modified":"2022-04-18T08:26:24","modified_gmt":"2022-04-18T08:26:24","slug":"rare-fluorite-xx-weardaley-angleterre","status":"publish","type":"product","link":"https:\/\/westgem.shop\/fr\/produit\/rare-fluorite-xx-weardaley-angleterre\/","title":{"rendered":"Rare FLUORIT xx - Weardale - Angleterre"},"content":{"rendered":"<p><strong>TOP FLUORIT xx<\/strong><\/p>\n<p><strong>tr\u00e8s rares zones de couleur \"m\u00fbre\", provoqu\u00e9es par la gal\u00e8ne (sulfure de plomb)<\/strong><\/p>\n<p>Le vert des fluorites est probablement d\u00fb \u00e0 des effets dans le r\u00e9seau cristallin.<\/p>\n<p>Pi\u00e8ce provenant de d\u00e9couvertes faites \u00e0<strong> les ann\u00e9es 1970<\/strong><\/p>\n<p>Lieu de d\u00e9couverte_.<strong> Weardale - Pennines du Nord, Durham Co - Angleterre - UK<\/strong><\/p>\n<p>poids : 270 g<\/p>\n<p>Dim :<strong> 11 x 7 x 4 cm<\/strong><\/p>\n<p>PRIX DE L'ASSOCIATION<\/p>","protected":false},"excerpt":{"rendered":"<p>TOP FLUORITE xx tr\u00e8s rares zones de couleur \"m\u00fbre\" , provoqu\u00e9es par la gal\u00e8ne ( sulfure de plomb) Le vert des fluorites est probablement d\u00fb \u00e0 des effets dans le r\u00e9seau cristallin. Pi\u00e8ce provenant de d\u00e9couvertes faites dans les ann\u00e9es 1970 Lieu de d\u00e9couverte_. Weardale - North Pennines, Durham Co. - Angleterre - UK Poids : 270 g Dim. : 11 x 7 x 4 cm PRIX DE L'OCCASION<\/p>","protected":false},"featured_media":10974,"template":"","meta":{"_acf_changed":false},"region":[58],"product_brand":[],"product_cat":[19],"product_tag":[],"class_list":{"0":"post-10973","1":"product","2":"type-product","3":"status-publish","4":"has-post-thumbnail","6":"region-europa","7":"product_cat-kristallstufen","9":"first","10":"outofstock","11":"sold-individually","12":"taxable","13":"shipping-taxable","14":"purchasable","15":"product-type-simple"},"acf":[],"_links":{"self":[{"href":"https:\/\/westgem.shop\/fr\/wp-json\/wp\/v2\/product\/10973","targetHints":{"allow":["GET"]}}],"collection":[{"href":"https:\/\/westgem.shop\/fr\/wp-json\/wp\/v2\/product"}],"about":[{"href":"https:\/\/westgem.shop\/fr\/wp-json\/wp\/v2\/types\/product"}],"wp:featuredmedia":[{"embeddable":true,"href":"https:\/\/westgem.shop\/fr\/wp-json\/wp\/v2\/media\/10974"}],"wp:attachment":[{"href":"https:\/\/westgem.shop\/fr\/wp-json\/wp\/v2\/media?parent=10973"}],"wp:term":[{"taxonomy":"region","embeddable":true,"href":"https:\/\/westgem.shop\/fr\/wp-json\/wp\/v2\/region?post=10973"},{"taxonomy":"product_brand","embeddable":true,"href":"https:\/\/westgem.shop\/fr\/wp-json\/wp\/v2\/product_brand?post=10973"},{"taxonomy":"product_cat","embeddable":true,"href":"https:\/\/westgem.shop\/fr\/wp-json\/wp\/v2\/product_cat?post=10973"},{"taxonomy":"product_tag","embeddable":true,"href":"https:\/\/westgem.shop\/fr\/wp-json\/wp\/v2\/product_tag?post=10973"}],"curies":[{"name":"wp","href":"https:\/\/api.w.org\/{rel}","templated":true}]}}