{"id":10986,"date":"2021-12-20T06:35:25","date_gmt":"2021-12-20T06:35:25","guid":{"rendered":"https:\/\/westgem.shop\/?post_type=product&#038;p=10986"},"modified":"2022-04-12T09:45:10","modified_gmt":"2022-04-12T09:45:10","slug":"rubis-en-anyolite","status":"publish","type":"product","link":"https:\/\/westgem.shop\/fr\/produit\/rubis-en-anyolite\/","title":{"rendered":"RUBIN \u00e0 Anyolith"},"content":{"rendered":"<p>Superbe pierre brute avec une face sci\u00e9e -<strong> NON poli<\/strong><\/p>\n<p><strong>Rubis rouge intense \u00e0 Anyolith<\/strong><\/p>\n<p><strong>L'anyolite est une roche m\u00e9tamorphique - \u00e9galement appel\u00e9e roche zo\u00efsite - compos\u00e9e de<\/strong><\/p>\n<p><strong>zo\u00efsite verte et amphibole noire<\/strong><\/p>\n<p><strong>La pi\u00e8ce provient du fond de la mine de Mundarara, \u00e0 300 m\u00e8tres de profondeur, en Tanzanie - Afrique<\/strong><\/p>\n<p>Poids : 378 g Dim. : 12 x 7 x 4 cm<\/p>\n<p>La derni\u00e8re image montre l'arri\u00e8re<\/p>\n<p><strong>TOP PRIX<\/strong><\/p>","protected":false},"excerpt":{"rendered":"<p>Superbe pierre brute avec une face sci\u00e9e - NON polie Rubis rouge intense dans l'anyolite L'anyolite est une roche m\u00e9tamorphique - \u00e9galement appel\u00e9e roche zo\u00efsite et se compose de zo\u00efsite verte et d'amphibole noire La pi\u00e8ce provient du fond de la mine de Mundarara en Tanzanie - Afrique, \u00e0 300 m\u00e8tres de profondeur Poids : 378 g Dim. : 12 [...]<\/p>","protected":false},"featured_media":10989,"template":"","meta":{"_acf_changed":false},"region":[62],"product_brand":[],"product_cat":[16],"product_tag":[],"class_list":{"0":"post-10986","1":"product","2":"type-product","3":"status-publish","4":"has-post-thumbnail","6":"region-afrika","7":"product_cat-rohsteine","9":"first","10":"instock","11":"sold-individually","12":"taxable","13":"shipping-taxable","14":"purchasable","15":"product-type-simple"},"acf":[],"_links":{"self":[{"href":"https:\/\/westgem.shop\/fr\/wp-json\/wp\/v2\/product\/10986","targetHints":{"allow":["GET"]}}],"collection":[{"href":"https:\/\/westgem.shop\/fr\/wp-json\/wp\/v2\/product"}],"about":[{"href":"https:\/\/westgem.shop\/fr\/wp-json\/wp\/v2\/types\/product"}],"wp:featuredmedia":[{"embeddable":true,"href":"https:\/\/westgem.shop\/fr\/wp-json\/wp\/v2\/media\/10989"}],"wp:attachment":[{"href":"https:\/\/westgem.shop\/fr\/wp-json\/wp\/v2\/media?parent=10986"}],"wp:term":[{"taxonomy":"region","embeddable":true,"href":"https:\/\/westgem.shop\/fr\/wp-json\/wp\/v2\/region?post=10986"},{"taxonomy":"product_brand","embeddable":true,"href":"https:\/\/westgem.shop\/fr\/wp-json\/wp\/v2\/product_brand?post=10986"},{"taxonomy":"product_cat","embeddable":true,"href":"https:\/\/westgem.shop\/fr\/wp-json\/wp\/v2\/product_cat?post=10986"},{"taxonomy":"product_tag","embeddable":true,"href":"https:\/\/westgem.shop\/fr\/wp-json\/wp\/v2\/product_tag?post=10986"}],"curies":[{"name":"wp","href":"https:\/\/api.w.org\/{rel}","templated":true}]}}