{"id":1100,"date":"2000-07-21T00:00:00","date_gmt":"2000-07-21T00:00:00","guid":{"rendered":"https:\/\/miners.rocks\/product\/264\/"},"modified":"2020-05-19T16:56:45","modified_gmt":"2020-05-19T16:56:45","slug":"quartz-rose-de-madagascar","status":"publish","type":"product","link":"https:\/\/westgem.shop\/fr\/produit\/quartz-rose-de-madagascar\/","title":{"rendered":"Madagascar QUARTZ ROSE"},"content":{"rendered":"<p>Tr\u00e8s belle boule taill\u00e9e \u00e0 la main en QUARTZ ROSE de Madagascar de premi\u00e8re qualit\u00e9 de la mine d'Ambojabao.<\/p>\n<p>le poids de la balle est de 0,63 kilogramme<\/p>\n<p>Diam\u00e8tre 8 cm .<\/p>","protected":false},"excerpt":{"rendered":"<p>Tr\u00e8s belle boule taill\u00e9e \u00e0 la main en QUARTZ ROSE de Madagascar de premi\u00e8re qualit\u00e9 de la mine d'Ambojabao. Le poids de la sph\u00e8re est de 0,63 kilogramme. Diam\u00e8tre : 8 cm.<\/p>","protected":false},"featured_media":1101,"template":"","meta":{"_acf_changed":false},"region":[],"product_brand":[],"product_cat":[15],"product_tag":[],"class_list":{"0":"post-1100","1":"product","2":"type-product","3":"status-publish","4":"has-post-thumbnail","6":"product_cat-mineralien","8":"first","9":"outofstock","10":"sold-individually","11":"product-type-simple"},"acf":[],"_links":{"self":[{"href":"https:\/\/westgem.shop\/fr\/wp-json\/wp\/v2\/product\/1100","targetHints":{"allow":["GET"]}}],"collection":[{"href":"https:\/\/westgem.shop\/fr\/wp-json\/wp\/v2\/product"}],"about":[{"href":"https:\/\/westgem.shop\/fr\/wp-json\/wp\/v2\/types\/product"}],"wp:featuredmedia":[{"embeddable":true,"href":"https:\/\/westgem.shop\/fr\/wp-json\/wp\/v2\/media\/1101"}],"wp:attachment":[{"href":"https:\/\/westgem.shop\/fr\/wp-json\/wp\/v2\/media?parent=1100"}],"wp:term":[{"taxonomy":"region","embeddable":true,"href":"https:\/\/westgem.shop\/fr\/wp-json\/wp\/v2\/region?post=1100"},{"taxonomy":"product_brand","embeddable":true,"href":"https:\/\/westgem.shop\/fr\/wp-json\/wp\/v2\/product_brand?post=1100"},{"taxonomy":"product_cat","embeddable":true,"href":"https:\/\/westgem.shop\/fr\/wp-json\/wp\/v2\/product_cat?post=1100"},{"taxonomy":"product_tag","embeddable":true,"href":"https:\/\/westgem.shop\/fr\/wp-json\/wp\/v2\/product_tag?post=1100"}],"curies":[{"name":"wp","href":"https:\/\/api.w.org\/{rel}","templated":true}]}}