{"id":11000,"date":"2021-12-22T08:27:09","date_gmt":"2021-12-22T08:27:09","guid":{"rendered":"https:\/\/westgem.shop\/?post_type=product&#038;p=11000"},"modified":"2022-04-19T15:54:41","modified_gmt":"2022-04-19T15:54:41","slug":"fluorite-xx-usa","status":"publish","type":"product","link":"https:\/\/westgem.shop\/fr\/produit\/fluorite-xx-usa\/","title":{"rendered":"Fluorite bleue xx Western Mining - USA"},"content":{"rendered":"<p><strong>Super niveau de fluorite avec des cristaux cubiques d'un beau bleu<\/strong> sur matrice en quartz<\/p>\n<p>Ces xx bleus ne sont plus si faciles \u00e0 trouver.<\/p>\n<p><strong>Lieu de d\u00e9couverte . Mine Blanchard - Hansonburg - Bingham - Comt\u00e9 de Socorro . - Nouveau-Mexique - \u00c9tats-Unis<\/strong><\/p>\n<p>poids : 163 g<\/p>\n<p>Dim : 8 x 5 x 4 cm<\/p>\n<p>&nbsp;<\/p>","protected":false},"excerpt":{"rendered":"<p>Superbe niveau de fluorite avec de beaux cristaux cubiques bleus sur une matrice de quartz. Ces xx bleus ne sont plus si faciles \u00e0 trouver aujourd'hui. Lieu de d\u00e9couverte . Mine Blanchard - Hansonburg - Bingham - Comt\u00e9 de Socorro. - Nouveau Mexique - USA Poids : 163 g Dim. : 8 x 5 x 4 cm &nbsp;<\/p>","protected":false},"featured_media":11005,"template":"","meta":{"_acf_changed":false},"region":[61],"product_brand":[],"product_cat":[19],"product_tag":[],"class_list":{"0":"post-11000","1":"product","2":"type-product","3":"status-publish","4":"has-post-thumbnail","6":"region-nordamerika","7":"product_cat-kristallstufen","9":"first","10":"instock","11":"sold-individually","12":"taxable","13":"shipping-taxable","14":"purchasable","15":"product-type-simple"},"acf":[],"_links":{"self":[{"href":"https:\/\/westgem.shop\/fr\/wp-json\/wp\/v2\/product\/11000","targetHints":{"allow":["GET"]}}],"collection":[{"href":"https:\/\/westgem.shop\/fr\/wp-json\/wp\/v2\/product"}],"about":[{"href":"https:\/\/westgem.shop\/fr\/wp-json\/wp\/v2\/types\/product"}],"wp:featuredmedia":[{"embeddable":true,"href":"https:\/\/westgem.shop\/fr\/wp-json\/wp\/v2\/media\/11005"}],"wp:attachment":[{"href":"https:\/\/westgem.shop\/fr\/wp-json\/wp\/v2\/media?parent=11000"}],"wp:term":[{"taxonomy":"region","embeddable":true,"href":"https:\/\/westgem.shop\/fr\/wp-json\/wp\/v2\/region?post=11000"},{"taxonomy":"product_brand","embeddable":true,"href":"https:\/\/westgem.shop\/fr\/wp-json\/wp\/v2\/product_brand?post=11000"},{"taxonomy":"product_cat","embeddable":true,"href":"https:\/\/westgem.shop\/fr\/wp-json\/wp\/v2\/product_cat?post=11000"},{"taxonomy":"product_tag","embeddable":true,"href":"https:\/\/westgem.shop\/fr\/wp-json\/wp\/v2\/product_tag?post=11000"}],"curies":[{"name":"wp","href":"https:\/\/api.w.org\/{rel}","templated":true}]}}